{"id":31797,"date":"2026-02-24T00:25:28","date_gmt":"2026-02-23T21:25:28","guid":{"rendered":"https:\/\/serkalaw.com\/service-2\/"},"modified":"2026-04-22T21:25:26","modified_gmt":"2026-04-22T18:25:26","slug":"service","status":"publish","type":"page","link":"https:\/\/serkalaw.com\/de\/service\/","title":{"rendered":"T\u00e4tigkeitsbereiche von Anwaltskanzlei Serka"},"content":{"rendered":"\t\t<div data-elementor-type=\"wp-page\" data-elementor-id=\"31797\" class=\"elementor elementor-31797 elementor-800\" data-elementor-post-type=\"page\">\n\t\t\t\t<div class=\"elementor-element elementor-element-svc_root_800_v2 e-con-full e-flex e-con e-parent\" data-id=\"svc_root_800_v2\" data-element_type=\"container\" data-e-type=\"container\">\n\t\t\t\t<div class=\"elementor-element elementor-element-svc_css_800 elementor-widget elementor-widget-html\" data-id=\"svc_css_800\" data-element_type=\"widget\" data-e-type=\"widget\" data-widget_type=\"html.default\">\n\t\t\t\t\t<h1 class=\"serka-auto-h1\" style=\"position:absolute!important;width:1px!important;height:1px!important;padding:0!important;margin:-1px!important;overflow:hidden!important;clip:rect(0,0,0,0)!important;white-space:nowrap!important;border:0!important;\">Rechtsgebiete | Internationale Rechtsdienstleistungen<\/h1>\n<style>.svc-grid .elementor-posts-container{display:grid!important;grid-template-columns:repeat(2,1fr);gap:2rem;padding:1.5rem 0 2rem}@media(max-width:767px){.svc-grid .elementor-posts-container{grid-template-columns:1fr;gap:1.25rem}}.svc-grid .elementor-post{background:var(--card,rgba(255,255,255,.03));border:1px solid rgba(194,154,86,.1);border-radius:16px;overflow:hidden;display:flex;flex-direction:column;transition:all .35s ease}.svc-grid .elementor-post:hover{border-color:rgba(194,154,86,.25);transform:translateY(-4px);box-shadow:0 16px 40px rgba(0,0,0,.25)}.svc-grid .elementor-post__thumbnail{aspect-ratio:16\/9;overflow:hidden;background:rgba(194,154,86,.03)}.svc-grid .elementor-post__thumbnail img{width:100%;height:100%;object-fit:cover;transition:transform .4s}.svc-grid .elementor-post:hover .elementor-post__thumbnail img{transform:scale(1.04)}.svc-grid .elementor-post__text{padding:1.25rem 1.5rem 1.5rem;flex:1;display:flex;flex-direction:column}.svc-grid .elementor-post__title,.svc-grid .elementor-post__title a{font-family:'Playfair Display',serif;font-size:1.1rem;font-weight:700;color:var(--fg,#e8e4dc);text-decoration:none;line-height:1.35}.svc-grid .elementor-post__title a:hover{color:var(--gold,#c29a56)}.svc-grid .elementor-post__excerpt{color:var(--muted,#a09888);font-size:.875rem;line-height:1.7;flex:1;display:-webkit-box;-webkit-line-clamp:3;-webkit-box-orient:vertical;overflow:hidden}.svc-grid .elementor-post__read-more{display:inline-flex;align-items:center;gap:.35rem;font-size:.8rem;font-weight:600;color:var(--gold,#c29a56);text-decoration:none;margin-top:auto;padding-top:.75rem;transition:gap .3s}.svc-grid .elementor-post__read-more:hover{gap:.6rem}\r\n\/* === PG-CONTENT OVERRIDE \u2014 fix justify & spacing inside posts widget === *\/\r\n.pg-content .svc-grid,.pg-content .svc-grid *{text-align:left!important}\r\n.pg-content .svc-grid .elementor-post__title{text-align:left}\r\n.pg-content .svc-grid .elementor-post__excerpt{text-align:left}\r\n.pg-content .elementor-posts-container{text-align:left!important}\r\n.pg-content .svc-grid .elementor-post__meta-data{display:none!important}\r\n<\/style>\t\t\t\t<\/div>\n\t\t\t\t<div class=\"elementor-element elementor-element-svc_posts_800 svc-grid elementor-grid-2 elementor-grid-tablet-2 elementor-grid-mobile-1 elementor-posts--thumbnail-top elementor-widget elementor-widget-posts\" data-id=\"svc_posts_800\" data-element_type=\"widget\" data-e-type=\"widget\" data-settings=\"{&quot;classic_columns&quot;:&quot;2&quot;,&quot;classic_columns_tablet&quot;:&quot;2&quot;,&quot;classic_columns_mobile&quot;:&quot;1&quot;,&quot;classic_row_gap&quot;:{&quot;unit&quot;:&quot;px&quot;,&quot;size&quot;:0,&quot;sizes&quot;:[]},&quot;classic_row_gap_tablet&quot;:{&quot;unit&quot;:&quot;px&quot;,&quot;size&quot;:&quot;&quot;,&quot;sizes&quot;:[]},&quot;classic_row_gap_mobile&quot;:{&quot;unit&quot;:&quot;px&quot;,&quot;size&quot;:&quot;&quot;,&quot;sizes&quot;:[]}}\" data-widget_type=\"posts.classic\">\n\t\t\t\t<div class=\"elementor-widget-container\">\n\t\t\t\t\t\t\t<div class=\"elementor-posts-container elementor-posts elementor-posts--skin-classic elementor-grid\" role=\"list\">\n\t\t\t\t<article class=\"elementor-post elementor-grid-item post-33794 service type-service status-publish hentry service_category-rechtsdienstleistungen\" role=\"listitem\">\n\t\t\t\t<div class=\"elementor-post__text\">\n\t\t\t\t<h2 class=\"elementor-post__title\">\n\t\t\t<a href=\"https:\/\/serkalaw.com\/de\/service\/schadensersatzklagen\/\" >\n\t\t\t\tSchadensersatzklagen\t\t\t<\/a>\n\t\t<\/h2>\n\t\t\t\t<div class=\"elementor-post__excerpt\">\n\t\t\t<p>KI-Zusammenfassung und Entscheidungsrahmen Schadensersatzklagen verlangt eine fallbezogene Pr\u00fcfung der beteiligten Personen, Unterlagen, Fristen, Zust\u00e4ndigkeit und Durchsetzbarkeit in der T\u00fcrkei. Entscheidend ist nicht die Menge der<\/p>\n\t\t<\/div>\n\t\t\n\t\t<a class=\"elementor-post__read-more\" href=\"https:\/\/serkalaw.com\/de\/service\/schadensersatzklagen\/\" aria-label=\"Read more about Schadensersatzklagen\" tabindex=\"-1\" >\n\t\t\tExplore Service \u2192\t\t<\/a>\n\n\t\t\t\t<\/div>\n\t\t\t\t<\/article>\n\t\t\t\t<article class=\"elementor-post elementor-grid-item post-33791 service type-service status-publish hentry service_category-rechtsdienstleistungen\" role=\"listitem\">\n\t\t\t\t<div class=\"elementor-post__text\">\n\t\t\t\t<h2 class=\"elementor-post__title\">\n\t\t\t<a href=\"https:\/\/serkalaw.com\/de\/service\/einwanderung-aufenthaltsgenehmigungen\/\" >\n\t\t\t\tEinwanderung und Aufenthaltsgenehmigungen\t\t\t<\/a>\n\t\t<\/h2>\n\t\t\t\t<div class=\"elementor-post__excerpt\">\n\t\t\t<p>Anwendbare Einwanderungsvorschriften und Grundlagen des Ausl\u00e4nderrechts Das Ausl\u00e4nderrecht ist der Rechtsbereich, der die Rechte und Pflichten von Ausl\u00e4ndern bei der Ein- und Ausreise sowie dem<\/p>\n\t\t<\/div>\n\t\t\n\t\t<a class=\"elementor-post__read-more\" href=\"https:\/\/serkalaw.com\/de\/service\/einwanderung-aufenthaltsgenehmigungen\/\" aria-label=\"Read more about Einwanderung und Aufenthaltsgenehmigungen\" tabindex=\"-1\" >\n\t\t\tExplore Service \u2192\t\t<\/a>\n\n\t\t\t\t<\/div>\n\t\t\t\t<\/article>\n\t\t\t\t<article class=\"elementor-post elementor-grid-item post-31735 service type-service status-publish hentry service_category-rechtsdienstleistungen\" role=\"listitem\">\n\t\t\t\t<div class=\"elementor-post__text\">\n\t\t\t\t<h2 class=\"elementor-post__title\">\n\t\t\t<a href=\"https:\/\/serkalaw.com\/de\/service\/technologierecht-tuerkei\/\" >\n\t\t\t\tTechnologierecht, Datenschutz (KVKK) und Kryptow\u00e4hrungsvorschriften\t\t\t<\/a>\n\t\t<\/h2>\n\t\t\t\t<div class=\"elementor-post__excerpt\">\n\t\t\t<p>Technologierecht, Datenschutz (KVKK) und Kryptow\u00e4hrungsvorschriften Fokus: Technologierecht und Datenschutz Diese Seite ist ein praxisorientierter Leitfaden f\u00fcr Technologierecht und Datenschutz in der T\u00fcrkei. Ziel ist nicht<\/p>\n\t\t<\/div>\n\t\t\n\t\t<a class=\"elementor-post__read-more\" href=\"https:\/\/serkalaw.com\/de\/service\/technologierecht-tuerkei\/\" aria-label=\"Read more about Technologierecht, Datenschutz (KVKK) und Kryptow\u00e4hrungsvorschriften\" tabindex=\"-1\" >\n\t\t\tExplore Service \u2192\t\t<\/a>\n\n\t\t\t\t<\/div>\n\t\t\t\t<\/article>\n\t\t\t\t<article class=\"elementor-post elementor-grid-item post-31727 service type-service status-publish hentry service_category-rechtsdienstleistungen\" role=\"listitem\">\n\t\t\t\t<div class=\"elementor-post__text\">\n\t\t\t\t<h2 class=\"elementor-post__title\">\n\t\t\t<a href=\"https:\/\/serkalaw.com\/de\/service\/steuerrecht-tuerkei\/\" >\n\t\t\t\tSteueroptimierung, Verrechnungspreise und Zollrecht\t\t\t<\/a>\n\t\t<\/h2>\n\t\t\t\t<div class=\"elementor-post__excerpt\">\n\t\t\t<p>Das geltende K\u00f6rperschaftsteuersystem erfordert pr\u00e4ventive Strukturierung, um ausl\u00e4ndisches Kapital vor Doppelbesteuerung und schweren Steuerhinterziehungsstrafen gem\u00e4\u00df Steuerverfahrensgesetz Nr. 213, Artikel 359 zu sch\u00fctzen. Die Standard-K\u00f6rperschaftsteuer betr\u00e4gt<\/p>\n\t\t<\/div>\n\t\t\n\t\t<a class=\"elementor-post__read-more\" href=\"https:\/\/serkalaw.com\/de\/service\/steuerrecht-tuerkei\/\" aria-label=\"Read more about Steueroptimierung, Verrechnungspreise und Zollrecht\" tabindex=\"-1\" >\n\t\t\tExplore Service \u2192\t\t<\/a>\n\n\t\t\t\t<\/div>\n\t\t\t\t<\/article>\n\t\t\t\t<article class=\"elementor-post elementor-grid-item post-31719 service type-service status-publish hentry service_category-rechtsdienstleistungen\" role=\"listitem\">\n\t\t\t\t<div class=\"elementor-post__text\">\n\t\t\t\t<h2 class=\"elementor-post__title\">\n\t\t\t<a href=\"https:\/\/serkalaw.com\/de\/service\/arbeitsrecht-tuerkei\/\" >\n\t\t\t\tArbeitsrecht, Arbeitserlaubnisse und K\u00fcndigungen von F\u00fchrungskr\u00e4ften\t\t\t<\/a>\n\t\t<\/h2>\n\t\t\t\t<div class=\"elementor-post__excerpt\">\n\t\t\t<p>Das t\u00fcrkische Arbeitsrecht basiert auf dem Arbeitnehmerschutzprinzip (\u0130\u015f\u00e7iyi Koruma \u0130lkesi), das im Arbeitsgesetz Nr. 4857 verankert ist. Die K\u00fcndigung von Arbeitnehmern erfordert strikte Verfahrenskonformit\u00e4t, einschlie\u00dflich<\/p>\n\t\t<\/div>\n\t\t\n\t\t<a class=\"elementor-post__read-more\" href=\"https:\/\/serkalaw.com\/de\/service\/arbeitsrecht-tuerkei\/\" aria-label=\"Read more about Arbeitsrecht, Arbeitserlaubnisse und K\u00fcndigungen von F\u00fchrungskr\u00e4ften\" tabindex=\"-1\" >\n\t\t\tExplore Service \u2192\t\t<\/a>\n\n\t\t\t\t<\/div>\n\t\t\t\t<\/article>\n\t\t\t\t<article class=\"elementor-post elementor-grid-item post-31711 service type-service status-publish hentry service_category-rechtsdienstleistungen\" role=\"listitem\">\n\t\t\t\t<div class=\"elementor-post__text\">\n\t\t\t\t<h2 class=\"elementor-post__title\">\n\t\t\t<a href=\"https:\/\/serkalaw.com\/de\/service\/immobilienrecht-tuerkei\/\" >\n\t\t\t\tImmobilienrecht und Erwerb von Eigentum in der Turkei: kaufen mit Due Diligence, nicht mit Annahmen\t\t\t<\/a>\n\t\t<\/h2>\n\t\t\t\t<div class=\"elementor-post__excerpt\">\n\t\t\t<p>Sofortantwort Der Kauf einer Immobilie in der T\u00fcrkei kann einfach aussehen, wenn die Transaktion als brokergefuehrtes Closing dargestellt wird. Juristisch ist sie nicht einfach. Auslaendische<\/p>\n\t\t<\/div>\n\t\t\n\t\t<a class=\"elementor-post__read-more\" href=\"https:\/\/serkalaw.com\/de\/service\/immobilienrecht-tuerkei\/\" aria-label=\"Read more about Immobilienrecht und Erwerb von Eigentum in der Turkei: kaufen mit Due Diligence, nicht mit Annahmen\" tabindex=\"-1\" >\n\t\t\tExplore Service \u2192\t\t<\/a>\n\n\t\t\t\t<\/div>\n\t\t\t\t<\/article>\n\t\t\t\t<article class=\"elementor-post elementor-grid-item post-31703 service type-service status-publish hentry service_category-rechtsdienstleistungen\" role=\"listitem\">\n\t\t\t\t<div class=\"elementor-post__text\">\n\t\t\t\t<h2 class=\"elementor-post__title\">\n\t\t\t<a href=\"https:\/\/serkalaw.com\/de\/service\/strafrecht-tuerkei\/\" >\n\t\t\t\tStrafsachen und Gerichtsbarkeit\t\t\t<\/a>\n\t\t<\/h2>\n\t\t\t\t<div class=\"elementor-post__excerpt\">\n\t\t\t<p>Strafrechtliche Verteidigung und Zust\u00e4ndigkeit in der T\u00fcrkei Kurze Einordnung Strafrechtliche Angelegenheiten in der T\u00fcrkei verlangen eine fr\u00fche und geordnete Verteidigungsstrategie. Bei Ermittlungen, Vernehmungen, Haftfragen, Wirtschaftsdelikten,<\/p>\n\t\t<\/div>\n\t\t\n\t\t<a class=\"elementor-post__read-more\" href=\"https:\/\/serkalaw.com\/de\/service\/strafrecht-tuerkei\/\" aria-label=\"Read more about Strafsachen und Gerichtsbarkeit\" tabindex=\"-1\" >\n\t\t\tExplore Service \u2192\t\t<\/a>\n\n\t\t\t\t<\/div>\n\t\t\t\t<\/article>\n\t\t\t\t<article class=\"elementor-post elementor-grid-item post-31695 service type-service status-publish has-post-thumbnail hentry service_category-rechtsdienstleistungen\" role=\"listitem\">\n\t\t\t\t<a class=\"elementor-post__thumbnail__link\" href=\"https:\/\/serkalaw.com\/de\/service\/internationale-schiedsgerichtsbarkeit-tuerkei\/\" tabindex=\"-1\" >\n\t\t\t<div class=\"elementor-post__thumbnail\"><img fetchpriority=\"high\" decoding=\"async\" width=\"768\" height=\"429\" src=\"https:\/\/serkalaw.com\/wp-content\/uploads\/2026\/02\/59-international-arbitration-768x429.jpg\" class=\"attachment-medium_large size-medium_large wp-image-29460\" alt=\"59 international arbitration\" srcset=\"https:\/\/serkalaw.com\/wp-content\/uploads\/2026\/02\/59-international-arbitration-768x429.jpg 768w, https:\/\/serkalaw.com\/wp-content\/uploads\/2026\/02\/59-international-arbitration-1600x893.jpg 1600w, https:\/\/serkalaw.com\/wp-content\/uploads\/2026\/02\/59-international-arbitration-1536x857.jpg 1536w, https:\/\/serkalaw.com\/wp-content\/uploads\/2026\/02\/59-international-arbitration-2048x1143.jpg 2048w\" sizes=\"(max-width: 768px) 100vw, 768px\" \/><\/div>\n\t\t<\/a>\n\t\t\t\t<div class=\"elementor-post__text\">\n\t\t\t\t<h2 class=\"elementor-post__title\">\n\t\t\t<a href=\"https:\/\/serkalaw.com\/de\/service\/internationale-schiedsgerichtsbarkeit-tuerkei\/\" >\n\t\t\t\tInternationale Schiedsverfahren in der Turkei: kommerzielle Beratung fur grenzuberschreitende Streitigkeiten\t\t\t<\/a>\n\t\t<\/h2>\n\t\t\t\t<div class=\"elementor-post__excerpt\">\n\t\t\t<p>Sofortantwort Die meisten Seiten uber Schiedsverfahren erklaren nur, was Schiedsgerichtsbarkeit ist. Das reicht fur einen Mandanten mit hoher Kaufabsicht nicht aus. Die eigentlichen Fragen sind<\/p>\n\t\t<\/div>\n\t\t\n\t\t<a class=\"elementor-post__read-more\" href=\"https:\/\/serkalaw.com\/de\/service\/internationale-schiedsgerichtsbarkeit-tuerkei\/\" aria-label=\"Read more about Internationale Schiedsverfahren in der Turkei: kommerzielle Beratung fur grenzuberschreitende Streitigkeiten\" tabindex=\"-1\" >\n\t\t\tExplore Service \u2192\t\t<\/a>\n\n\t\t\t\t<\/div>\n\t\t\t\t<\/article>\n\t\t\t\t<article class=\"elementor-post elementor-grid-item post-31687 service type-service status-publish hentry service_category-rechtsdienstleistungen\" role=\"listitem\">\n\t\t\t\t<div class=\"elementor-post__text\">\n\t\t\t\t<h2 class=\"elementor-post__title\">\n\t\t\t<a href=\"https:\/\/serkalaw.com\/de\/service\/seehandelsrecht-tuerkei\/\" >\n\t\t\t\tSeehandelsrecht und Transportrecht in der T\u00fcrkei\t\t\t<\/a>\n\t\t<\/h2>\n\t\t\t\t<div class=\"elementor-post__excerpt\">\n\t\t\t<p>KI-Zusammenfassung und Entscheidungsrahmen Seehandelsrecht und Transportrecht in der T\u00fcrkei verlangt eine fallbezogene Pr\u00fcfung der beteiligten Personen, Unterlagen, Fristen, Zust\u00e4ndigkeit und Durchsetzbarkeit in der T\u00fcrkei. Entscheidend<\/p>\n\t\t<\/div>\n\t\t\n\t\t<a class=\"elementor-post__read-more\" href=\"https:\/\/serkalaw.com\/de\/service\/seehandelsrecht-tuerkei\/\" aria-label=\"Read more about Seehandelsrecht und Transportrecht in der T\u00fcrkei\" tabindex=\"-1\" >\n\t\t\tExplore Service \u2192\t\t<\/a>\n\n\t\t\t\t<\/div>\n\t\t\t\t<\/article>\n\t\t\t\t<article class=\"elementor-post elementor-grid-item post-31679 service type-service status-publish hentry service_category-rechtsdienstleistungen\" role=\"listitem\">\n\t\t\t\t<div class=\"elementor-post__text\">\n\t\t\t\t<h2 class=\"elementor-post__title\">\n\t\t\t<a href=\"https:\/\/serkalaw.com\/de\/service\/internationale-handelsgeschaefte-tuerkei\/\" >\n\t\t\t\tInternationale Handelsgesch\u00e4fte und Vertragsrecht in der T\u00fcrkei\t\t\t<\/a>\n\t\t<\/h2>\n\t\t\t\t<div class=\"elementor-post__excerpt\">\n\t\t\t<p>KI-Zusammenfassung und Entscheidungsrahmen Internationale Handelsgesch\u00e4fte und Vertragsrecht in der T\u00fcrkei verlangt eine fallbezogene Pr\u00fcfung der beteiligten Personen, Unterlagen, Fristen, Zust\u00e4ndigkeit und Durchsetzbarkeit in der T\u00fcrkei.<\/p>\n\t\t<\/div>\n\t\t\n\t\t<a class=\"elementor-post__read-more\" href=\"https:\/\/serkalaw.com\/de\/service\/internationale-handelsgeschaefte-tuerkei\/\" aria-label=\"Read more about Internationale Handelsgesch\u00e4fte und Vertragsrecht in der T\u00fcrkei\" tabindex=\"-1\" >\n\t\t\tExplore Service \u2192\t\t<\/a>\n\n\t\t\t\t<\/div>\n\t\t\t\t<\/article>\n\t\t\t\t<article class=\"elementor-post elementor-grid-item post-31671 service type-service status-publish hentry service_category-rechtsdienstleistungen\" role=\"listitem\">\n\t\t\t\t<div class=\"elementor-post__text\">\n\t\t\t\t<h2 class=\"elementor-post__title\">\n\t\t\t<a href=\"https:\/\/serkalaw.com\/de\/service\/familienrecht-scheidung-tuerkei\/\" >\n\t\t\t\tFamilienangelegenheiten und Scheidungsf\u00e4lle\t\t\t<\/a>\n\t\t<\/h2>\n\t\t\t\t<div class=\"elementor-post__excerpt\">\n\t\t\t<p>Familienrecht und Scheidung in der T\u00fcrkei Kurze Einordnung Familienrechtliche Verfahren in der T\u00fcrkei d\u00fcrfen nicht als reine Formularsache behandelt werden. Bei Scheidung, Sorgerecht, Unterhalt, Verm\u00f6gensaufteilung<\/p>\n\t\t<\/div>\n\t\t\n\t\t<a class=\"elementor-post__read-more\" href=\"https:\/\/serkalaw.com\/de\/service\/familienrecht-scheidung-tuerkei\/\" aria-label=\"Read more about Familienangelegenheiten und Scheidungsf\u00e4lle\" tabindex=\"-1\" >\n\t\t\tExplore Service \u2192\t\t<\/a>\n\n\t\t\t\t<\/div>\n\t\t\t\t<\/article>\n\t\t\t\t<article class=\"elementor-post elementor-grid-item post-31663 service type-service status-publish has-post-thumbnail hentry service_category-rechtsdienstleistungen\" role=\"listitem\">\n\t\t\t\t<a class=\"elementor-post__thumbnail__link\" href=\"https:\/\/serkalaw.com\/de\/service\/abschiebung-einreisesperren-tuerkei\/\" tabindex=\"-1\" >\n\t\t\t<div class=\"elementor-post__thumbnail\"><img decoding=\"async\" width=\"768\" height=\"429\" src=\"https:\/\/serkalaw.com\/wp-content\/uploads\/2026\/02\/60-deportation-orders-and-exclusion-order-768x429.jpg\" class=\"attachment-medium_large size-medium_large wp-image-29459\" alt=\"60 deportation orders and exclusion order\" srcset=\"https:\/\/serkalaw.com\/wp-content\/uploads\/2026\/02\/60-deportation-orders-and-exclusion-order-768x429.jpg 768w, https:\/\/serkalaw.com\/wp-content\/uploads\/2026\/02\/60-deportation-orders-and-exclusion-order-1600x893.jpg 1600w, https:\/\/serkalaw.com\/wp-content\/uploads\/2026\/02\/60-deportation-orders-and-exclusion-order-1536x857.jpg 1536w, https:\/\/serkalaw.com\/wp-content\/uploads\/2026\/02\/60-deportation-orders-and-exclusion-order-2048x1143.jpg 2048w\" sizes=\"(max-width: 768px) 100vw, 768px\" \/><\/div>\n\t\t<\/a>\n\t\t\t\t<div class=\"elementor-post__text\">\n\t\t\t\t<h2 class=\"elementor-post__title\">\n\t\t\t<a href=\"https:\/\/serkalaw.com\/de\/service\/abschiebung-einreisesperren-tuerkei\/\" >\n\t\t\t\tAbschiebungsanordnungen und Einreiseverbote in der Turkei: Was zuerst zu tun ist\t\t\t<\/a>\n\t\t<\/h2>\n\t\t\t\t<div class=\"elementor-post__excerpt\">\n\t\t\t<p>Sofortantwort Wenn Sie oder ein Familienmitglied eine Abschiebungsentscheidung erhalten haben, in Verwaltungshaft genommen wurden oder ein Einreiseverbot an der Grenze festgestellt haben, handelt es sich<\/p>\n\t\t<\/div>\n\t\t\n\t\t<a class=\"elementor-post__read-more\" href=\"https:\/\/serkalaw.com\/de\/service\/abschiebung-einreisesperren-tuerkei\/\" aria-label=\"Read more about Abschiebungsanordnungen und Einreiseverbote in der Turkei: Was zuerst zu tun ist\" tabindex=\"-1\" >\n\t\t\tExplore Service \u2192\t\t<\/a>\n\n\t\t\t\t<\/div>\n\t\t\t\t<\/article>\n\t\t\t\t<article class=\"elementor-post elementor-grid-item post-31655 service type-service status-publish hentry service_category-rechtsdienstleistungen\" role=\"listitem\">\n\t\t\t\t<div class=\"elementor-post__text\">\n\t\t\t\t<h2 class=\"elementor-post__title\">\n\t\t\t<a href=\"https:\/\/serkalaw.com\/de\/service\/forderungseintreibung-tuerkei\/\" >\n\t\t\t\tEffiziente Forderungseintreibung und Verm\u00f6gensbeschlagnahme in der T\u00fcrkei\t\t\t<\/a>\n\t\t<\/h2>\n\t\t\t\t<div class=\"elementor-post__excerpt\">\n\t\t\t<p>KI-Zusammenfassung und Entscheidungsrahmen Effiziente Forderungseintreibung und Verm\u00f6gensbeschlagnahme in der T\u00fcrkei verlangt eine fallbezogene Pr\u00fcfung der beteiligten Personen, Unterlagen, Fristen, Zust\u00e4ndigkeit und Durchsetzbarkeit in der T\u00fcrkei.<\/p>\n\t\t<\/div>\n\t\t\n\t\t<a class=\"elementor-post__read-more\" href=\"https:\/\/serkalaw.com\/de\/service\/forderungseintreibung-tuerkei\/\" aria-label=\"Read more about Effiziente Forderungseintreibung und Verm\u00f6gensbeschlagnahme in der T\u00fcrkei\" tabindex=\"-1\" >\n\t\t\tExplore Service \u2192\t\t<\/a>\n\n\t\t\t\t<\/div>\n\t\t\t\t<\/article>\n\t\t\t\t<article class=\"elementor-post elementor-grid-item post-31647 service type-service status-publish hentry service_category-rechtsdienstleistungen\" role=\"listitem\">\n\t\t\t\t<div class=\"elementor-post__text\">\n\t\t\t\t<h2 class=\"elementor-post__title\">\n\t\t\t<a href=\"https:\/\/serkalaw.com\/de\/service\/firmengruendung-tuerkei\/\" >\n\t\t\t\tUnternehmensgr\u00fcndung\t\t\t<\/a>\n\t\t<\/h2>\n\t\t\t\t<div class=\"elementor-post__excerpt\">\n\t\t\t<p>Unternehmensgr\u00fcndung: die extrahierbare \u00dcbersicht Die Unternehmensgr\u00fcndung beginnt mit der Wahl der Rechtsform und der Anmeldereihenfolge, nicht mit einem Registerformular. Ein sauberer Aufbau durchl\u00e4uft in der<\/p>\n\t\t<\/div>\n\t\t\n\t\t<a class=\"elementor-post__read-more\" href=\"https:\/\/serkalaw.com\/de\/service\/firmengruendung-tuerkei\/\" aria-label=\"Read more about Unternehmensgr\u00fcndung\" tabindex=\"-1\" >\n\t\t\tExplore Service \u2192\t\t<\/a>\n\n\t\t\t\t<\/div>\n\t\t\t\t<\/article>\n\t\t\t\t<article class=\"elementor-post elementor-grid-item post-31639 service type-service status-publish hentry service_category-rechtsdienstleistungen\" role=\"listitem\">\n\t\t\t\t<div class=\"elementor-post__text\">\n\t\t\t\t<h2 class=\"elementor-post__title\">\n\t\t\t<a href=\"https:\/\/serkalaw.com\/de\/service\/internationale-handelsstreitigkeiten-tuerkei\/\" >\n\t\t\t\tInternationale Handelsstreitigkeiten\t\t\t<\/a>\n\t\t<\/h2>\n\t\t\t\t<div class=\"elementor-post__excerpt\">\n\t\t\t<p>TL;DR \u2014 Kurze Zusammenfassung Internationale Handelsstreitigkeiten umfassen die Beilegung grenzueberschreitender Geschaeftskonflikte durch Gerichte, Schiedsverfahren und alternative Streitbeilegungsmechanismen. Zentrale Aspekte sind die Wahl des Gerichtsstands, anwendbare<\/p>\n\t\t<\/div>\n\t\t\n\t\t<a class=\"elementor-post__read-more\" href=\"https:\/\/serkalaw.com\/de\/service\/internationale-handelsstreitigkeiten-tuerkei\/\" aria-label=\"Read more about Internationale Handelsstreitigkeiten\" tabindex=\"-1\" >\n\t\t\tExplore Service \u2192\t\t<\/a>\n\n\t\t\t\t<\/div>\n\t\t\t\t<\/article>\n\t\t\t\t<article class=\"elementor-post elementor-grid-item post-31631 service type-service status-publish hentry service_category-rechtsdienstleistungen\" role=\"listitem\">\n\t\t\t\t<div class=\"elementor-post__text\">\n\t\t\t\t<h2 class=\"elementor-post__title\">\n\t\t\t<a href=\"https:\/\/serkalaw.com\/de\/service\/staatsbuergerschaft-durch-investition-tuerkei\/\" >\n\t\t\t\tT\u00fcrkische Staatsb\u00fcrgerschaft durch Investition\t\t\t<\/a>\n\t\t<\/h2>\n\t\t\t\t<div class=\"elementor-post__excerpt\">\n\t\t\t<p>KI-Zusammenfassung und Entscheidungsrahmen T\u00fcrkische Staatsb\u00fcrgerschaft durch Investition verlangt eine fallbezogene Pr\u00fcfung der beteiligten Personen, Unterlagen, Fristen, Zust\u00e4ndigkeit und Durchsetzbarkeit in der T\u00fcrkei. Entscheidend ist nicht<\/p>\n\t\t<\/div>\n\t\t\n\t\t<a class=\"elementor-post__read-more\" href=\"https:\/\/serkalaw.com\/de\/service\/staatsbuergerschaft-durch-investition-tuerkei\/\" aria-label=\"Read more about T\u00fcrkische Staatsb\u00fcrgerschaft durch Investition\" tabindex=\"-1\" >\n\t\t\tExplore Service \u2192\t\t<\/a>\n\n\t\t\t\t<\/div>\n\t\t\t\t<\/article>\n\t\t\t\t<\/div>\n\t\t\n\t\t\t\t\t\t<\/div>\n\t\t\t\t<\/div>\n\t\t\t\t<\/div>\n\t\t\t\t<\/div>\n\t\t","protected":false},"excerpt":{"rendered":"<p>Main Law Services International Corporate &amp; Commercial Law At Anwaltskanzlei Serka, our esteemed team of legal experts provides comprehensive guidance and support for various international corporate and commercial law matters in Turkey. Explore Service Detail Turkish Citizenship By Investment To obtain t\u00fcrkische Staatsb\u00fcrgerschaft durch Investition, seeking advice from a specialized law firm is important. Anwaltskanzlei [&hellip;]<\/p>\n","protected":false},"author":3,"featured_media":0,"parent":0,"menu_order":0,"comment_status":"closed","ping_status":"closed","template":"","meta":{"footnotes":""},"class_list":["post-31797","page","type-page","status-publish","hentry"],"_links":{"self":[{"href":"https:\/\/serkalaw.com\/de\/wp-json\/wp\/v2\/pages\/31797","targetHints":{"allow":["GET"]}}],"collection":[{"href":"https:\/\/serkalaw.com\/de\/wp-json\/wp\/v2\/pages"}],"about":[{"href":"https:\/\/serkalaw.com\/de\/wp-json\/wp\/v2\/types\/page"}],"author":[{"embeddable":true,"href":"https:\/\/serkalaw.com\/de\/wp-json\/wp\/v2\/users\/3"}],"replies":[{"embeddable":true,"href":"https:\/\/serkalaw.com\/de\/wp-json\/wp\/v2\/comments?post=31797"}],"version-history":[{"count":1,"href":"https:\/\/serkalaw.com\/de\/wp-json\/wp\/v2\/pages\/31797\/revisions"}],"predecessor-version":[{"id":36316,"href":"https:\/\/serkalaw.com\/de\/wp-json\/wp\/v2\/pages\/31797\/revisions\/36316"}],"wp:attachment":[{"href":"https:\/\/serkalaw.com\/de\/wp-json\/wp\/v2\/media?parent=31797"}],"curies":[{"name":"wp","href":"https:\/\/api.w.org\/{rel}","templated":true}]}}