{"id":31809,"date":"2026-02-24T00:25:29","date_gmt":"2026-02-23T21:25:29","guid":{"rendered":"https:\/\/serkalaw.com\/service-2\/"},"modified":"2026-04-22T21:25:29","modified_gmt":"2026-04-22T18:25:29","slug":"service","status":"publish","type":"page","link":"https:\/\/serkalaw.com\/es\/service\/","title":{"rendered":"\u00c1reas de pr\u00e1ctica de Despacho de abogados Serka"},"content":{"rendered":"\t\t<div data-elementor-type=\"wp-page\" data-elementor-id=\"31809\" class=\"elementor elementor-31809 elementor-800\" data-elementor-post-type=\"page\">\n\t\t\t\t<div class=\"elementor-element elementor-element-svc_root_800_v2 e-con-full e-flex e-con e-parent\" data-id=\"svc_root_800_v2\" data-element_type=\"container\" data-e-type=\"container\">\n\t\t\t\t<div class=\"elementor-element elementor-element-svc_css_800 elementor-widget elementor-widget-html\" data-id=\"svc_css_800\" data-element_type=\"widget\" data-e-type=\"widget\" data-widget_type=\"html.default\">\n\t\t\t\t\t<h1 class=\"serka-auto-h1\" style=\"position:absolute!important;width:1px!important;height:1px!important;padding:0!important;margin:-1px!important;overflow:hidden!important;clip:rect(0,0,0,0)!important;white-space:nowrap!important;border:0!important;\">\u00c1reas De Pr\u00e1ctica | Servicios Jur\u00eddicos Internacionales<\/h1>\n<style>.svc-grid .elementor-posts-container{display:grid!important;grid-template-columns:repeat(2,1fr);gap:2rem;padding:1.5rem 0 2rem}@media(max-width:767px){.svc-grid .elementor-posts-container{grid-template-columns:1fr;gap:1.25rem}}.svc-grid .elementor-post{background:var(--card,rgba(255,255,255,.03));border:1px solid rgba(194,154,86,.1);border-radius:16px;overflow:hidden;display:flex;flex-direction:column;transition:all .35s ease}.svc-grid .elementor-post:hover{border-color:rgba(194,154,86,.25);transform:translateY(-4px);box-shadow:0 16px 40px rgba(0,0,0,.25)}.svc-grid .elementor-post__thumbnail{aspect-ratio:16\/9;overflow:hidden;background:rgba(194,154,86,.03)}.svc-grid .elementor-post__thumbnail img{width:100%;height:100%;object-fit:cover;transition:transform .4s}.svc-grid .elementor-post:hover .elementor-post__thumbnail img{transform:scale(1.04)}.svc-grid .elementor-post__text{padding:1.25rem 1.5rem 1.5rem;flex:1;display:flex;flex-direction:column}.svc-grid .elementor-post__title,.svc-grid .elementor-post__title a{font-family:'Playfair Display',serif;font-size:1.1rem;font-weight:700;color:var(--fg,#e8e4dc);text-decoration:none;line-height:1.35}.svc-grid .elementor-post__title a:hover{color:var(--gold,#c29a56)}.svc-grid .elementor-post__excerpt{color:var(--muted,#a09888);font-size:.875rem;line-height:1.7;flex:1;display:-webkit-box;-webkit-line-clamp:3;-webkit-box-orient:vertical;overflow:hidden}.svc-grid .elementor-post__read-more{display:inline-flex;align-items:center;gap:.35rem;font-size:.8rem;font-weight:600;color:var(--gold,#c29a56);text-decoration:none;margin-top:auto;padding-top:.75rem;transition:gap .3s}.svc-grid .elementor-post__read-more:hover{gap:.6rem}\r\n\/* === PG-CONTENT OVERRIDE \u2014 fix justify & spacing inside posts widget === *\/\r\n.pg-content .svc-grid,.pg-content .svc-grid *{text-align:left!important}\r\n.pg-content .svc-grid .elementor-post__title{text-align:left}\r\n.pg-content .svc-grid .elementor-post__excerpt{text-align:left}\r\n.pg-content .elementor-posts-container{text-align:left!important}\r\n.pg-content .svc-grid .elementor-post__meta-data{display:none!important}\r\n<\/style>\t\t\t\t<\/div>\n\t\t\t\t<div class=\"elementor-element elementor-element-svc_posts_800 svc-grid elementor-grid-2 elementor-grid-tablet-2 elementor-grid-mobile-1 elementor-posts--thumbnail-top elementor-widget elementor-widget-posts\" data-id=\"svc_posts_800\" data-element_type=\"widget\" data-e-type=\"widget\" data-settings=\"{&quot;classic_columns&quot;:&quot;2&quot;,&quot;classic_columns_tablet&quot;:&quot;2&quot;,&quot;classic_columns_mobile&quot;:&quot;1&quot;,&quot;classic_row_gap&quot;:{&quot;unit&quot;:&quot;px&quot;,&quot;size&quot;:0,&quot;sizes&quot;:[]},&quot;classic_row_gap_tablet&quot;:{&quot;unit&quot;:&quot;px&quot;,&quot;size&quot;:&quot;&quot;,&quot;sizes&quot;:[]},&quot;classic_row_gap_mobile&quot;:{&quot;unit&quot;:&quot;px&quot;,&quot;size&quot;:&quot;&quot;,&quot;sizes&quot;:[]}}\" data-widget_type=\"posts.classic\">\n\t\t\t\t<div class=\"elementor-widget-container\">\n\t\t\t\t\t\t\t<div class=\"elementor-posts-container elementor-posts elementor-posts--skin-classic elementor-grid\" role=\"list\">\n\t\t\t\t<article class=\"elementor-post elementor-grid-item post-33795 service type-service status-publish hentry service_category-servicios-juridicos\" role=\"listitem\">\n\t\t\t\t<div class=\"elementor-post__text\">\n\t\t\t\t<h2 class=\"elementor-post__title\">\n\t\t\t<a href=\"https:\/\/serkalaw.com\/es\/service\/demandas-indemnizacion\/\" >\n\t\t\t\tDemandas de Indemnizaci\u00f3n\t\t\t<\/a>\n\t\t<\/h2>\n\t\t\t\t<div class=\"elementor-post__excerpt\">\n\t\t\t<p>Resumen IA y marco de decisi\u00f3n Demandas de Indemnizaci\u00f3n debe analizarse como un expediente jur\u00eddico concreto: partes, hechos, documentos, plazos, competencia y posibilidad de ejecutar<\/p>\n\t\t<\/div>\n\t\t\n\t\t<a class=\"elementor-post__read-more\" href=\"https:\/\/serkalaw.com\/es\/service\/demandas-indemnizacion\/\" aria-label=\"Read more about Demandas de Indemnizaci\u00f3n\" tabindex=\"-1\" >\n\t\t\tExplore Service \u2192\t\t<\/a>\n\n\t\t\t\t<\/div>\n\t\t\t\t<\/article>\n\t\t\t\t<article class=\"elementor-post elementor-grid-item post-33792 service type-service status-publish hentry service_category-servicios-juridicos\" role=\"listitem\">\n\t\t\t\t<div class=\"elementor-post__text\">\n\t\t\t\t<h2 class=\"elementor-post__title\">\n\t\t\t<a href=\"https:\/\/serkalaw.com\/es\/service\/inmigracion-permisos-residencia\/\" >\n\t\t\t\tInmigraci\u00f3n y Permisos de Residencia\t\t\t<\/a>\n\t\t<\/h2>\n\t\t\t\t<div class=\"elementor-post__excerpt\">\n\t\t\t<p>Marco Jur\u00eddico Aplicable y Fundamentos del Derecho de Inmigraci\u00f3n El derecho de inmigraci\u00f3n es la rama del derecho que regula los derechos y obligaciones de<\/p>\n\t\t<\/div>\n\t\t\n\t\t<a class=\"elementor-post__read-more\" href=\"https:\/\/serkalaw.com\/es\/service\/inmigracion-permisos-residencia\/\" aria-label=\"Read more about Inmigraci\u00f3n y Permisos de Residencia\" tabindex=\"-1\" >\n\t\t\tExplore Service \u2192\t\t<\/a>\n\n\t\t\t\t<\/div>\n\t\t\t\t<\/article>\n\t\t\t\t<article class=\"elementor-post elementor-grid-item post-31737 service type-service status-publish hentry service_category-servicios-juridicos\" role=\"listitem\">\n\t\t\t\t<div class=\"elementor-post__text\">\n\t\t\t\t<h2 class=\"elementor-post__title\">\n\t\t\t<a href=\"https:\/\/serkalaw.com\/es\/service\/derecho-tecnologico-turquia\/\" >\n\t\t\t\tDerecho Tecnol\u00f3gico, Privacidad de Datos (KVKK) y Regulaciones de Criptomonedas\t\t\t<\/a>\n\t\t<\/h2>\n\t\t\t\t<div class=\"elementor-post__excerpt\">\n\t\t\t<p>Las plataformas tecnol\u00f3gicas que operan a nivel local deben cumplir con la Ley de Protecci\u00f3n de Datos Personales (KVKK No. 6698), que refleja el RGPD<\/p>\n\t\t<\/div>\n\t\t\n\t\t<a class=\"elementor-post__read-more\" href=\"https:\/\/serkalaw.com\/es\/service\/derecho-tecnologico-turquia\/\" aria-label=\"Read more about Derecho Tecnol\u00f3gico, Privacidad de Datos (KVKK) y Regulaciones de Criptomonedas\" tabindex=\"-1\" >\n\t\t\tExplore Service \u2192\t\t<\/a>\n\n\t\t\t\t<\/div>\n\t\t\t\t<\/article>\n\t\t\t\t<article class=\"elementor-post elementor-grid-item post-31729 service type-service status-publish hentry service_category-servicios-juridicos\" role=\"listitem\">\n\t\t\t\t<div class=\"elementor-post__text\">\n\t\t\t\t<h2 class=\"elementor-post__title\">\n\t\t\t<a href=\"https:\/\/serkalaw.com\/es\/service\/derecho-fiscal-turquia\/\" >\n\t\t\t\tOptimizaci\u00f3n Fiscal, Precios de Transferencia y Derecho Aduanero\t\t\t<\/a>\n\t\t<\/h2>\n\t\t\t\t<div class=\"elementor-post__excerpt\">\n\t\t\t<p>El ecosistema fiscal corporativo aplicable requiere una estructuraci\u00f3n preventiva para proteger el capital extranjero de la doble imposici\u00f3n y las severas sanciones por evasi\u00f3n bajo<\/p>\n\t\t<\/div>\n\t\t\n\t\t<a class=\"elementor-post__read-more\" href=\"https:\/\/serkalaw.com\/es\/service\/derecho-fiscal-turquia\/\" aria-label=\"Read more about Optimizaci\u00f3n Fiscal, Precios de Transferencia y Derecho Aduanero\" tabindex=\"-1\" >\n\t\t\tExplore Service \u2192\t\t<\/a>\n\n\t\t\t\t<\/div>\n\t\t\t\t<\/article>\n\t\t\t\t<article class=\"elementor-post elementor-grid-item post-31721 service type-service status-publish hentry service_category-servicios-juridicos\" role=\"listitem\">\n\t\t\t\t<div class=\"elementor-post__text\">\n\t\t\t\t<h2 class=\"elementor-post__title\">\n\t\t\t<a href=\"https:\/\/serkalaw.com\/es\/service\/derecho-laboral-turquia\/\" >\n\t\t\t\tDerecho Laboral, Permisos de Trabajo y Despidos de Ejecutivos\t\t\t<\/a>\n\t\t<\/h2>\n\t\t\t\t<div class=\"elementor-post__excerpt\">\n\t\t\t<p>El derecho laboral turco opera bajo el Principio de Protecci\u00f3n del Trabajador (\u0130\u015f\u00e7iyi Koruma \u0130lkesi) consagrado en la Ley Laboral No. 4857. La terminaci\u00f3n de<\/p>\n\t\t<\/div>\n\t\t\n\t\t<a class=\"elementor-post__read-more\" href=\"https:\/\/serkalaw.com\/es\/service\/derecho-laboral-turquia\/\" aria-label=\"Read more about Derecho Laboral, Permisos de Trabajo y Despidos de Ejecutivos\" tabindex=\"-1\" >\n\t\t\tExplore Service \u2192\t\t<\/a>\n\n\t\t\t\t<\/div>\n\t\t\t\t<\/article>\n\t\t\t\t<article class=\"elementor-post elementor-grid-item post-31713 service type-service status-publish hentry service_category-servicios-juridicos\" role=\"listitem\">\n\t\t\t\t<div class=\"elementor-post__text\">\n\t\t\t\t<h2 class=\"elementor-post__title\">\n\t\t\t<a href=\"https:\/\/serkalaw.com\/es\/service\/derecho-inmobiliario-turquia\/\" >\n\t\t\t\tDerecho inmobiliario y adquisicion de propiedades en Turquia: compra con debida diligencia, no con suposiciones\t\t\t<\/a>\n\t\t<\/h2>\n\t\t\t\t<div class=\"elementor-post__excerpt\">\n\t\t\t<p>Respuesta Inmediata Comprar un inmueble en Turquia puede parecer sencillo cuando la operacion se presenta como un cierre dirigido por un broker. Juridicamente no lo<\/p>\n\t\t<\/div>\n\t\t\n\t\t<a class=\"elementor-post__read-more\" href=\"https:\/\/serkalaw.com\/es\/service\/derecho-inmobiliario-turquia\/\" aria-label=\"Read more about Derecho inmobiliario y adquisicion de propiedades en Turquia: compra con debida diligencia, no con suposiciones\" tabindex=\"-1\" >\n\t\t\tExplore Service \u2192\t\t<\/a>\n\n\t\t\t\t<\/div>\n\t\t\t\t<\/article>\n\t\t\t\t<article class=\"elementor-post elementor-grid-item post-31705 service type-service status-publish hentry service_category-servicios-juridicos\" role=\"listitem\">\n\t\t\t\t<div class=\"elementor-post__text\">\n\t\t\t\t<h2 class=\"elementor-post__title\">\n\t\t\t<a href=\"https:\/\/serkalaw.com\/es\/service\/derecho-penal-turquia\/\" >\n\t\t\t\tCasos Penales y Jurisdicci\u00f3n\t\t\t<\/a>\n\t\t<\/h2>\n\t\t\t\t<div class=\"elementor-post__excerpt\">\n\t\t\t<p>Defensa penal y jurisdicci\u00f3n en Turqu\u00eda Respuesta pr\u00e1ctica Los asuntos penales en Turqu\u00eda requieren una defensa temprana y ordenada. Investigaci\u00f3n, declaraci\u00f3n, detenci\u00f3n, delitos econ\u00f3micos, prueba<\/p>\n\t\t<\/div>\n\t\t\n\t\t<a class=\"elementor-post__read-more\" href=\"https:\/\/serkalaw.com\/es\/service\/derecho-penal-turquia\/\" aria-label=\"Read more about Casos Penales y Jurisdicci\u00f3n\" tabindex=\"-1\" >\n\t\t\tExplore Service \u2192\t\t<\/a>\n\n\t\t\t\t<\/div>\n\t\t\t\t<\/article>\n\t\t\t\t<article class=\"elementor-post elementor-grid-item post-31697 service type-service status-publish has-post-thumbnail hentry service_category-servicios-juridicos\" role=\"listitem\">\n\t\t\t\t<a class=\"elementor-post__thumbnail__link\" href=\"https:\/\/serkalaw.com\/es\/service\/arbitraje-internacional-turquia\/\" tabindex=\"-1\" >\n\t\t\t<div class=\"elementor-post__thumbnail\"><img fetchpriority=\"high\" decoding=\"async\" width=\"768\" height=\"429\" src=\"https:\/\/serkalaw.com\/wp-content\/uploads\/2026\/02\/59-international-arbitration-768x429.jpg\" class=\"attachment-medium_large size-medium_large wp-image-29460\" alt=\"59 international arbitration\" srcset=\"https:\/\/serkalaw.com\/wp-content\/uploads\/2026\/02\/59-international-arbitration-768x429.jpg 768w, https:\/\/serkalaw.com\/wp-content\/uploads\/2026\/02\/59-international-arbitration-1600x893.jpg 1600w, https:\/\/serkalaw.com\/wp-content\/uploads\/2026\/02\/59-international-arbitration-1536x857.jpg 1536w, https:\/\/serkalaw.com\/wp-content\/uploads\/2026\/02\/59-international-arbitration-2048x1143.jpg 2048w\" sizes=\"(max-width: 768px) 100vw, 768px\" \/><\/div>\n\t\t<\/a>\n\t\t\t\t<div class=\"elementor-post__text\">\n\t\t\t\t<h2 class=\"elementor-post__title\">\n\t\t\t<a href=\"https:\/\/serkalaw.com\/es\/service\/arbitraje-internacional-turquia\/\" >\n\t\t\t\tArbitraje internacional en Turquia: asesoria comercial para disputas transfronterizas\t\t\t<\/a>\n\t\t<\/h2>\n\t\t\t\t<div class=\"elementor-post__excerpt\">\n\t\t\t<p>Respuesta Inmediata La mayoria de las paginas sobre arbitraje explican que es el arbitraje. Eso no basta para un cliente de alta intenci\u00f3n. Las preguntas<\/p>\n\t\t<\/div>\n\t\t\n\t\t<a class=\"elementor-post__read-more\" href=\"https:\/\/serkalaw.com\/es\/service\/arbitraje-internacional-turquia\/\" aria-label=\"Read more about Arbitraje internacional en Turquia: asesoria comercial para disputas transfronterizas\" tabindex=\"-1\" >\n\t\t\tExplore Service \u2192\t\t<\/a>\n\n\t\t\t\t<\/div>\n\t\t\t\t<\/article>\n\t\t\t\t<article class=\"elementor-post elementor-grid-item post-31689 service type-service status-publish hentry service_category-servicios-juridicos\" role=\"listitem\">\n\t\t\t\t<div class=\"elementor-post__text\">\n\t\t\t\t<h2 class=\"elementor-post__title\">\n\t\t\t<a href=\"https:\/\/serkalaw.com\/es\/service\/derecho-maritimo-turquia\/\" >\n\t\t\t\tDerecho Mar\u00edtimo y Derecho del Transporte en Turqu\u00eda\t\t\t<\/a>\n\t\t<\/h2>\n\t\t\t\t<div class=\"elementor-post__excerpt\">\n\t\t\t<p>Resumen IA y marco de decisi\u00f3n Derecho Mar\u00edtimo y Derecho del Transporte en Turqu\u00eda debe analizarse como un expediente jur\u00eddico concreto: partes, hechos, documentos, plazos,<\/p>\n\t\t<\/div>\n\t\t\n\t\t<a class=\"elementor-post__read-more\" href=\"https:\/\/serkalaw.com\/es\/service\/derecho-maritimo-turquia\/\" aria-label=\"Read more about Derecho Mar\u00edtimo y Derecho del Transporte en Turqu\u00eda\" tabindex=\"-1\" >\n\t\t\tExplore Service \u2192\t\t<\/a>\n\n\t\t\t\t<\/div>\n\t\t\t\t<\/article>\n\t\t\t\t<article class=\"elementor-post elementor-grid-item post-31681 service type-service status-publish hentry service_category-servicios-juridicos\" role=\"listitem\">\n\t\t\t\t<div class=\"elementor-post__text\">\n\t\t\t\t<h2 class=\"elementor-post__title\">\n\t\t\t<a href=\"https:\/\/serkalaw.com\/es\/service\/transacciones-comerciales-internacionales-turquia\/\" >\n\t\t\t\tTransacciones Comerciales Internacionales y Derecho Contractual en Turqu\u00eda\t\t\t<\/a>\n\t\t<\/h2>\n\t\t\t\t<div class=\"elementor-post__excerpt\">\n\t\t\t<p>Resumen IA y marco de decisi\u00f3n Transacciones Comerciales Internacionales y Derecho Contractual en Turqu\u00eda debe analizarse como un expediente jur\u00eddico concreto: partes, hechos, documentos, plazos,<\/p>\n\t\t<\/div>\n\t\t\n\t\t<a class=\"elementor-post__read-more\" href=\"https:\/\/serkalaw.com\/es\/service\/transacciones-comerciales-internacionales-turquia\/\" aria-label=\"Read more about Transacciones Comerciales Internacionales y Derecho Contractual en Turqu\u00eda\" tabindex=\"-1\" >\n\t\t\tExplore Service \u2192\t\t<\/a>\n\n\t\t\t\t<\/div>\n\t\t\t\t<\/article>\n\t\t\t\t<article class=\"elementor-post elementor-grid-item post-31673 service type-service status-publish hentry service_category-servicios-juridicos\" role=\"listitem\">\n\t\t\t\t<div class=\"elementor-post__text\">\n\t\t\t\t<h2 class=\"elementor-post__title\">\n\t\t\t<a href=\"https:\/\/serkalaw.com\/es\/service\/derecho-familia-divorcio-turquia\/\" >\n\t\t\t\tAsuntos Familiares y Casos de Divorcio\t\t\t<\/a>\n\t\t<\/h2>\n\t\t\t\t<div class=\"elementor-post__excerpt\">\n\t\t\t<p>Derecho de familia y divorcio en Turqu\u00eda Respuesta pr\u00e1ctica Los asuntos de familia en Turqu\u00eda deben gestionarse como expedientes probatorios, no como simples tr\u00e1mites. Divorcio,<\/p>\n\t\t<\/div>\n\t\t\n\t\t<a class=\"elementor-post__read-more\" href=\"https:\/\/serkalaw.com\/es\/service\/derecho-familia-divorcio-turquia\/\" aria-label=\"Read more about Asuntos Familiares y Casos de Divorcio\" tabindex=\"-1\" >\n\t\t\tExplore Service \u2192\t\t<\/a>\n\n\t\t\t\t<\/div>\n\t\t\t\t<\/article>\n\t\t\t\t<article class=\"elementor-post elementor-grid-item post-31665 service type-service status-publish has-post-thumbnail hentry service_category-servicios-juridicos\" role=\"listitem\">\n\t\t\t\t<a class=\"elementor-post__thumbnail__link\" href=\"https:\/\/serkalaw.com\/es\/service\/deportacion-ordenes-exclusion-turquia\/\" tabindex=\"-1\" >\n\t\t\t<div class=\"elementor-post__thumbnail\"><img decoding=\"async\" width=\"768\" height=\"429\" src=\"https:\/\/serkalaw.com\/wp-content\/uploads\/2026\/02\/60-deportation-orders-and-exclusion-order-768x429.jpg\" class=\"attachment-medium_large size-medium_large wp-image-29459\" alt=\"60 deportation orders and exclusion order\" srcset=\"https:\/\/serkalaw.com\/wp-content\/uploads\/2026\/02\/60-deportation-orders-and-exclusion-order-768x429.jpg 768w, https:\/\/serkalaw.com\/wp-content\/uploads\/2026\/02\/60-deportation-orders-and-exclusion-order-1600x893.jpg 1600w, https:\/\/serkalaw.com\/wp-content\/uploads\/2026\/02\/60-deportation-orders-and-exclusion-order-1536x857.jpg 1536w, https:\/\/serkalaw.com\/wp-content\/uploads\/2026\/02\/60-deportation-orders-and-exclusion-order-2048x1143.jpg 2048w\" sizes=\"(max-width: 768px) 100vw, 768px\" \/><\/div>\n\t\t<\/a>\n\t\t\t\t<div class=\"elementor-post__text\">\n\t\t\t\t<h2 class=\"elementor-post__title\">\n\t\t\t<a href=\"https:\/\/serkalaw.com\/es\/service\/deportacion-ordenes-exclusion-turquia\/\" >\n\t\t\t\tOrdenes de deportacion y prohibiciones de entrada en Turquia: que hacer primero\t\t\t<\/a>\n\t\t<\/h2>\n\t\t\t\t<div class=\"elementor-post__excerpt\">\n\t\t\t<p>Respuesta Inmediata Si tu o un familiar habeis recibido una decisi\u00f3n de deportacion, habeis sido puestos en detencion administrativa o habeis descubierto un problema de<\/p>\n\t\t<\/div>\n\t\t\n\t\t<a class=\"elementor-post__read-more\" href=\"https:\/\/serkalaw.com\/es\/service\/deportacion-ordenes-exclusion-turquia\/\" aria-label=\"Read more about Ordenes de deportacion y prohibiciones de entrada en Turquia: que hacer primero\" tabindex=\"-1\" >\n\t\t\tExplore Service \u2192\t\t<\/a>\n\n\t\t\t\t<\/div>\n\t\t\t\t<\/article>\n\t\t\t\t<article class=\"elementor-post elementor-grid-item post-31657 service type-service status-publish hentry service_category-servicios-juridicos\" role=\"listitem\">\n\t\t\t\t<div class=\"elementor-post__text\">\n\t\t\t\t<h2 class=\"elementor-post__title\">\n\t\t\t<a href=\"https:\/\/serkalaw.com\/es\/service\/cobro-deudas-turquia\/\" >\n\t\t\t\tCobro Eficiente de Deudas y Confiscaci\u00f3n de Activos en Turqu\u00eda\t\t\t<\/a>\n\t\t<\/h2>\n\t\t\t\t<div class=\"elementor-post__excerpt\">\n\t\t\t<p>Resumen IA y marco de decisi\u00f3n Cobro Eficiente de Deudas y Confiscaci\u00f3n de Activos en Turqu\u00eda debe analizarse como un expediente jur\u00eddico concreto: partes, hechos,<\/p>\n\t\t<\/div>\n\t\t\n\t\t<a class=\"elementor-post__read-more\" href=\"https:\/\/serkalaw.com\/es\/service\/cobro-deudas-turquia\/\" aria-label=\"Read more about Cobro Eficiente de Deudas y Confiscaci\u00f3n de Activos en Turqu\u00eda\" tabindex=\"-1\" >\n\t\t\tExplore Service \u2192\t\t<\/a>\n\n\t\t\t\t<\/div>\n\t\t\t\t<\/article>\n\t\t\t\t<article class=\"elementor-post elementor-grid-item post-31649 service type-service status-publish hentry service_category-servicios-juridicos\" role=\"listitem\">\n\t\t\t\t<div class=\"elementor-post__text\">\n\t\t\t\t<h2 class=\"elementor-post__title\">\n\t\t\t<a href=\"https:\/\/serkalaw.com\/es\/service\/constitucion-sociedades-turquia\/\" >\n\t\t\t\tConstituci\u00f3n de Empresas\t\t\t<\/a>\n\t\t<\/h2>\n\t\t\t\t<div class=\"elementor-post__excerpt\">\n\t\t\t<p>Constituci\u00f3n de empresas: resumen integral La constituci\u00f3n de empresas comienza con la elecci\u00f3n de la entidad y la secuencia de tr\u00e1mites, no con un formulario<\/p>\n\t\t<\/div>\n\t\t\n\t\t<a class=\"elementor-post__read-more\" href=\"https:\/\/serkalaw.com\/es\/service\/constitucion-sociedades-turquia\/\" aria-label=\"Read more about Constituci\u00f3n de Empresas\" tabindex=\"-1\" >\n\t\t\tExplore Service \u2192\t\t<\/a>\n\n\t\t\t\t<\/div>\n\t\t\t\t<\/article>\n\t\t\t\t<article class=\"elementor-post elementor-grid-item post-31641 service type-service status-publish hentry service_category-servicios-juridicos\" role=\"listitem\">\n\t\t\t\t<div class=\"elementor-post__text\">\n\t\t\t\t<h2 class=\"elementor-post__title\">\n\t\t\t<a href=\"https:\/\/serkalaw.com\/es\/service\/litigios-comerciales-internacionales-turquia\/\" >\n\t\t\t\tLitigio Comercial Internacional\t\t\t<\/a>\n\t\t<\/h2>\n\t\t\t\t<div class=\"elementor-post__excerpt\">\n\t\t\t<p>TL;DR \u2014 Resumen Breve El litigio comercial internacional implica la resolucion de disputas empresariales transfronterizas a traves de tribunales, arbitraje y mecanismos alternativos de resolucion<\/p>\n\t\t<\/div>\n\t\t\n\t\t<a class=\"elementor-post__read-more\" href=\"https:\/\/serkalaw.com\/es\/service\/litigios-comerciales-internacionales-turquia\/\" aria-label=\"Read more about Litigio Comercial Internacional\" tabindex=\"-1\" >\n\t\t\tExplore Service \u2192\t\t<\/a>\n\n\t\t\t\t<\/div>\n\t\t\t\t<\/article>\n\t\t\t\t<article class=\"elementor-post elementor-grid-item post-31633 service type-service status-publish hentry service_category-servicios-juridicos\" role=\"listitem\">\n\t\t\t\t<div class=\"elementor-post__text\">\n\t\t\t\t<h2 class=\"elementor-post__title\">\n\t\t\t<a href=\"https:\/\/serkalaw.com\/es\/service\/ciudadania-por-inversion-turquia\/\" >\n\t\t\t\tCiudadan\u00eda Turca por Inversi\u00f3n\t\t\t<\/a>\n\t\t<\/h2>\n\t\t\t\t<div class=\"elementor-post__excerpt\">\n\t\t\t<p>Resumen IA y marco de decisi\u00f3n Ciudadan\u00eda Turca por Inversi\u00f3n debe analizarse como un expediente jur\u00eddico concreto: partes, hechos, documentos, plazos, competencia y posibilidad de<\/p>\n\t\t<\/div>\n\t\t\n\t\t<a class=\"elementor-post__read-more\" href=\"https:\/\/serkalaw.com\/es\/service\/ciudadania-por-inversion-turquia\/\" aria-label=\"Read more about Ciudadan\u00eda Turca por Inversi\u00f3n\" tabindex=\"-1\" >\n\t\t\tExplore Service \u2192\t\t<\/a>\n\n\t\t\t\t<\/div>\n\t\t\t\t<\/article>\n\t\t\t\t<\/div>\n\t\t\n\t\t\t\t\t\t<\/div>\n\t\t\t\t<\/div>\n\t\t\t\t<\/div>\n\t\t\t\t<\/div>\n\t\t","protected":false},"excerpt":{"rendered":"<p>Main Law Services International Corporate &amp; Commercial Law At Despacho de abogados Serka, our esteemed team of legal experts provides comprehensive guidance and support for various international corporate and commercial law matters in Turkey. Explore Service Detail Turkish Citizenship By Investment To obtain ciudadan\u00eda turca por inversi\u00f3n, seeking advice from a specialized law firm is [&hellip;]<\/p>\n","protected":false},"author":3,"featured_media":0,"parent":0,"menu_order":0,"comment_status":"closed","ping_status":"closed","template":"","meta":{"footnotes":""},"class_list":["post-31809","page","type-page","status-publish","hentry"],"_links":{"self":[{"href":"https:\/\/serkalaw.com\/es\/wp-json\/wp\/v2\/pages\/31809","targetHints":{"allow":["GET"]}}],"collection":[{"href":"https:\/\/serkalaw.com\/es\/wp-json\/wp\/v2\/pages"}],"about":[{"href":"https:\/\/serkalaw.com\/es\/wp-json\/wp\/v2\/types\/page"}],"author":[{"embeddable":true,"href":"https:\/\/serkalaw.com\/es\/wp-json\/wp\/v2\/users\/3"}],"replies":[{"embeddable":true,"href":"https:\/\/serkalaw.com\/es\/wp-json\/wp\/v2\/comments?post=31809"}],"version-history":[{"count":1,"href":"https:\/\/serkalaw.com\/es\/wp-json\/wp\/v2\/pages\/31809\/revisions"}],"predecessor-version":[{"id":36320,"href":"https:\/\/serkalaw.com\/es\/wp-json\/wp\/v2\/pages\/31809\/revisions\/36320"}],"wp:attachment":[{"href":"https:\/\/serkalaw.com\/es\/wp-json\/wp\/v2\/media?parent=31809"}],"curies":[{"name":"wp","href":"https:\/\/api.w.org\/{rel}","templated":true}]}}