{"id":31803,"date":"2026-02-24T00:25:28","date_gmt":"2026-02-23T21:25:28","guid":{"rendered":"https:\/\/serkalaw.com\/service-2\/"},"modified":"2026-04-22T22:21:32","modified_gmt":"2026-04-22T19:21:32","slug":"service","status":"publish","type":"page","link":"https:\/\/serkalaw.com\/fr\/service\/","title":{"rendered":"Domaines de pratique Cabinet d\u2019avocats Serka"},"content":{"rendered":"\t\t<div data-elementor-type=\"wp-page\" data-elementor-id=\"31803\" class=\"elementor elementor-31803 elementor-800\" data-elementor-post-type=\"page\">\n\t\t\t\t<div class=\"elementor-element elementor-element-svc_root_800_v2 e-con-full e-flex e-con e-parent\" data-id=\"svc_root_800_v2\" data-element_type=\"container\" data-e-type=\"container\">\n\t\t\t\t<div class=\"elementor-element elementor-element-svc_css_800 elementor-widget elementor-widget-html\" data-id=\"svc_css_800\" data-element_type=\"widget\" data-e-type=\"widget\" data-widget_type=\"html.default\">\n\t\t\t\t\t<h1 class=\"serka-auto-h1\" style=\"position:absolute!important;width:1px!important;height:1px!important;padding:0!important;margin:-1px!important;overflow:hidden!important;clip:rect(0,0,0,0)!important;white-space:nowrap!important;border:0!important;\">Domaines De Pratique | Services Juridiques Internationaux<\/h1>\n<style>.svc-grid .elementor-posts-container{display:grid!important;grid-template-columns:repeat(2,1fr);gap:2rem;padding:1.5rem 0 2rem}@media(max-width:767px){.svc-grid .elementor-posts-container{grid-template-columns:1fr;gap:1.25rem}}.svc-grid .elementor-post{background:var(--card,rgba(255,255,255,.03));border:1px solid rgba(194,154,86,.1);border-radius:16px;overflow:hidden;display:flex;flex-direction:column;transition:all .35s ease}.svc-grid .elementor-post:hover{border-color:rgba(194,154,86,.25);transform:translateY(-4px);box-shadow:0 16px 40px rgba(0,0,0,.25)}.svc-grid .elementor-post__thumbnail{aspect-ratio:16\/9;overflow:hidden;background:rgba(194,154,86,.03)}.svc-grid .elementor-post__thumbnail img{width:100%;height:100%;object-fit:cover;transition:transform .4s}.svc-grid .elementor-post:hover .elementor-post__thumbnail img{transform:scale(1.04)}.svc-grid .elementor-post__text{padding:1.25rem 1.5rem 1.5rem;flex:1;display:flex;flex-direction:column}.svc-grid .elementor-post__title,.svc-grid .elementor-post__title a{font-family:'Playfair Display',serif;font-size:1.1rem;font-weight:700;color:var(--fg,#e8e4dc);text-decoration:none;line-height:1.35}.svc-grid .elementor-post__title a:hover{color:var(--gold,#c29a56)}.svc-grid .elementor-post__excerpt{color:var(--muted,#a09888);font-size:.875rem;line-height:1.7;flex:1;display:-webkit-box;-webkit-line-clamp:3;-webkit-box-orient:vertical;overflow:hidden}.svc-grid .elementor-post__read-more{display:inline-flex;align-items:center;gap:.35rem;font-size:.8rem;font-weight:600;color:var(--gold,#c29a56);text-decoration:none;margin-top:auto;padding-top:.75rem;transition:gap .3s}.svc-grid .elementor-post__read-more:hover{gap:.6rem}\r\n\/* === PG-CONTENT OVERRIDE \u2014 fix justify & spacing inside posts widget === *\/\r\n.pg-content .svc-grid,.pg-content .svc-grid *{text-align:left!important}\r\n.pg-content .svc-grid .elementor-post__title{text-align:left}\r\n.pg-content .svc-grid .elementor-post__excerpt{text-align:left}\r\n.pg-content .elementor-posts-container{text-align:left!important}\r\n.pg-content .svc-grid .elementor-post__meta-data{display:none!important}\r\n<\/style>\t\t\t\t<\/div>\n\t\t\t\t<div class=\"elementor-element elementor-element-svc_posts_800 svc-grid elementor-grid-2 elementor-grid-tablet-2 elementor-grid-mobile-1 elementor-posts--thumbnail-top elementor-widget elementor-widget-posts\" data-id=\"svc_posts_800\" data-element_type=\"widget\" data-e-type=\"widget\" data-settings=\"{&quot;classic_columns&quot;:&quot;2&quot;,&quot;classic_columns_tablet&quot;:&quot;2&quot;,&quot;classic_columns_mobile&quot;:&quot;1&quot;,&quot;classic_row_gap&quot;:{&quot;unit&quot;:&quot;px&quot;,&quot;size&quot;:0,&quot;sizes&quot;:[]},&quot;classic_row_gap_tablet&quot;:{&quot;unit&quot;:&quot;px&quot;,&quot;size&quot;:&quot;&quot;,&quot;sizes&quot;:[]},&quot;classic_row_gap_mobile&quot;:{&quot;unit&quot;:&quot;px&quot;,&quot;size&quot;:&quot;&quot;,&quot;sizes&quot;:[]}}\" data-widget_type=\"posts.classic\">\n\t\t\t\t<div class=\"elementor-widget-container\">\n\t\t\t\t\t\t\t<div class=\"elementor-posts-container elementor-posts elementor-posts--skin-classic elementor-grid\" role=\"list\">\n\t\t\t\t<article class=\"elementor-post elementor-grid-item post-33796 service type-service status-publish hentry service_category-services-juridiques\" role=\"listitem\">\n\t\t\t\t<div class=\"elementor-post__text\">\n\t\t\t\t<h2 class=\"elementor-post__title\">\n\t\t\t<a href=\"https:\/\/serkalaw.com\/fr\/service\/actions-indemnisation\/\" >\n\t\t\t\tActions en Indemnisation\t\t\t<\/a>\n\t\t<\/h2>\n\t\t\t\t<div class=\"elementor-post__excerpt\">\n\t\t\t<p>Synth\u00e8se IA et cadre de d\u00e9cision Actions en Indemnisation doit \u00eatre examin\u00e9 comme un dossier concret: parties, faits, documents, d\u00e9lais, comp\u00e9tence et possibilit\u00e9 d\u2019ex\u00e9cution en<\/p>\n\t\t<\/div>\n\t\t\n\t\t<a class=\"elementor-post__read-more\" href=\"https:\/\/serkalaw.com\/fr\/service\/actions-indemnisation\/\" aria-label=\"Read more about Actions en Indemnisation\" tabindex=\"-1\" >\n\t\t\tExplore Service \u2192\t\t<\/a>\n\n\t\t\t\t<\/div>\n\t\t\t\t<\/article>\n\t\t\t\t<article class=\"elementor-post elementor-grid-item post-33793 service type-service status-publish hentry service_category-services-juridiques\" role=\"listitem\">\n\t\t\t\t<div class=\"elementor-post__text\">\n\t\t\t\t<h2 class=\"elementor-post__title\">\n\t\t\t<a href=\"https:\/\/serkalaw.com\/fr\/service\/immigration-permis-sejour\/\" >\n\t\t\t\tImmigration et Permis de S\u00e9jour\t\t\t<\/a>\n\t\t<\/h2>\n\t\t\t\t<div class=\"elementor-post__excerpt\">\n\t\t\t<p>Cadre Juridique Applicable et Fondements du Droit de l&#8217;Immigration Le droit de l&#8217;immigration est la branche du droit qui r\u00e9git les droits et obligations des<\/p>\n\t\t<\/div>\n\t\t\n\t\t<a class=\"elementor-post__read-more\" href=\"https:\/\/serkalaw.com\/fr\/service\/immigration-permis-sejour\/\" aria-label=\"Read more about Immigration et Permis de S\u00e9jour\" tabindex=\"-1\" >\n\t\t\tExplore Service \u2192\t\t<\/a>\n\n\t\t\t\t<\/div>\n\t\t\t\t<\/article>\n\t\t\t\t<article class=\"elementor-post elementor-grid-item post-31736 service type-service status-publish hentry service_category-services-juridiques\" role=\"listitem\">\n\t\t\t\t<div class=\"elementor-post__text\">\n\t\t\t\t<h2 class=\"elementor-post__title\">\n\t\t\t<a href=\"https:\/\/serkalaw.com\/fr\/service\/droit-technologique-turquie\/\" >\n\t\t\t\tDroit des Technologies, Protection des Donnees (KVKK) et Reglementations des Cryptomonnaies\t\t\t<\/a>\n\t\t<\/h2>\n\t\t\t\t<div class=\"elementor-post__excerpt\">\n\t\t\t<p>Les plateformes technologiques operant localement doivent se conformer a la Loi sur la Protection des Donnees Personnelles (KVKK n 6698), qui reflete le RGPD mais<\/p>\n\t\t<\/div>\n\t\t\n\t\t<a class=\"elementor-post__read-more\" href=\"https:\/\/serkalaw.com\/fr\/service\/droit-technologique-turquie\/\" aria-label=\"Read more about Droit des Technologies, Protection des Donnees (KVKK) et Reglementations des Cryptomonnaies\" tabindex=\"-1\" >\n\t\t\tExplore Service \u2192\t\t<\/a>\n\n\t\t\t\t<\/div>\n\t\t\t\t<\/article>\n\t\t\t\t<article class=\"elementor-post elementor-grid-item post-31728 service type-service status-publish hentry service_category-services-juridiques\" role=\"listitem\">\n\t\t\t\t<div class=\"elementor-post__text\">\n\t\t\t\t<h2 class=\"elementor-post__title\">\n\t\t\t<a href=\"https:\/\/serkalaw.com\/fr\/service\/droit-fiscal-turquie\/\" >\n\t\t\t\tOptimisation Fiscale, Prix de Transfert et Droit Douanier\t\t\t<\/a>\n\t\t<\/h2>\n\t\t\t\t<div class=\"elementor-post__excerpt\">\n\t\t\t<p>L&#8217;ecosysteme fiscal applicable en matiere d&#8217;impot sur les societes necessite une structuration preventive pour proteger les capitaux etrangers de la double imposition et des penalites<\/p>\n\t\t<\/div>\n\t\t\n\t\t<a class=\"elementor-post__read-more\" href=\"https:\/\/serkalaw.com\/fr\/service\/droit-fiscal-turquie\/\" aria-label=\"Read more about Optimisation Fiscale, Prix de Transfert et Droit Douanier\" tabindex=\"-1\" >\n\t\t\tExplore Service \u2192\t\t<\/a>\n\n\t\t\t\t<\/div>\n\t\t\t\t<\/article>\n\t\t\t\t<article class=\"elementor-post elementor-grid-item post-31720 service type-service status-publish hentry service_category-services-juridiques\" role=\"listitem\">\n\t\t\t\t<div class=\"elementor-post__text\">\n\t\t\t\t<h2 class=\"elementor-post__title\">\n\t\t\t<a href=\"https:\/\/serkalaw.com\/fr\/service\/droit-du-travail-turquie\/\" >\n\t\t\t\tDroit du Travail, Permis de Travail et Licenciements de Cadres\t\t\t<\/a>\n\t\t<\/h2>\n\t\t\t\t<div class=\"elementor-post__excerpt\">\n\t\t\t<p>Le droit du travail turc fonctionne selon le Principe de Protection du Travailleur (\u0130\u015f\u00e7iyi Koruma \u0130lkesi) consacre par la Loi sur le Travail n\u00b0 4857.<\/p>\n\t\t<\/div>\n\t\t\n\t\t<a class=\"elementor-post__read-more\" href=\"https:\/\/serkalaw.com\/fr\/service\/droit-du-travail-turquie\/\" aria-label=\"Read more about Droit du Travail, Permis de Travail et Licenciements de Cadres\" tabindex=\"-1\" >\n\t\t\tExplore Service \u2192\t\t<\/a>\n\n\t\t\t\t<\/div>\n\t\t\t\t<\/article>\n\t\t\t\t<article class=\"elementor-post elementor-grid-item post-31712 service type-service status-publish hentry service_category-services-juridiques\" role=\"listitem\">\n\t\t\t\t<div class=\"elementor-post__text\">\n\t\t\t\t<h2 class=\"elementor-post__title\">\n\t\t\t<a href=\"https:\/\/serkalaw.com\/fr\/service\/droit-immobilier-turquie\/\" >\n\t\t\t\tDroit immobilier et acquisition de biens en Turquie : acheter avec due diligence, pas avec des hypotheses\t\t\t<\/a>\n\t\t<\/h2>\n\t\t\t\t<div class=\"elementor-post__excerpt\">\n\t\t\t<p>Reponse Immediate Acheter un bien en Turquie peut paraitre simple quand la transaction est presentee comme un closing pilote par un courtier. Juridiquement, ce n&#8217;est<\/p>\n\t\t<\/div>\n\t\t\n\t\t<a class=\"elementor-post__read-more\" href=\"https:\/\/serkalaw.com\/fr\/service\/droit-immobilier-turquie\/\" aria-label=\"Read more about Droit immobilier et acquisition de biens en Turquie : acheter avec due diligence, pas avec des hypotheses\" tabindex=\"-1\" >\n\t\t\tExplore Service \u2192\t\t<\/a>\n\n\t\t\t\t<\/div>\n\t\t\t\t<\/article>\n\t\t\t\t<article class=\"elementor-post elementor-grid-item post-31704 service type-service status-publish hentry service_category-services-juridiques\" role=\"listitem\">\n\t\t\t\t<div class=\"elementor-post__text\">\n\t\t\t\t<h2 class=\"elementor-post__title\">\n\t\t\t<a href=\"https:\/\/serkalaw.com\/fr\/service\/droit-penal-turquie\/\" >\n\t\t\t\tAffaires Penales et Juridiction\t\t\t<\/a>\n\t\t<\/h2>\n\t\t\t\t<div class=\"elementor-post__excerpt\">\n\t\t\t<p>D\u00e9fense p\u00e9nale et comp\u00e9tence en Turquie R\u00e9ponse pratique Les affaires p\u00e9nales en Turquie exigent une d\u00e9fense pr\u00e9par\u00e9e d\u00e8s le d\u00e9but. Enqu\u00eate, audition, d\u00e9tention, infractions \u00e9conomiques,<\/p>\n\t\t<\/div>\n\t\t\n\t\t<a class=\"elementor-post__read-more\" href=\"https:\/\/serkalaw.com\/fr\/service\/droit-penal-turquie\/\" aria-label=\"Read more about Affaires Penales et Juridiction\" tabindex=\"-1\" >\n\t\t\tExplore Service \u2192\t\t<\/a>\n\n\t\t\t\t<\/div>\n\t\t\t\t<\/article>\n\t\t\t\t<article class=\"elementor-post elementor-grid-item post-31696 service type-service status-publish has-post-thumbnail hentry service_category-services-juridiques\" role=\"listitem\">\n\t\t\t\t<a class=\"elementor-post__thumbnail__link\" href=\"https:\/\/serkalaw.com\/fr\/service\/arbitrage-international-turquie\/\" tabindex=\"-1\" >\n\t\t\t<div class=\"elementor-post__thumbnail\"><img fetchpriority=\"high\" decoding=\"async\" width=\"768\" height=\"429\" src=\"https:\/\/serkalaw.com\/wp-content\/uploads\/2026\/02\/59-international-arbitration-768x429.jpg\" class=\"attachment-medium_large size-medium_large wp-image-29460\" alt=\"59 international arbitration\" srcset=\"https:\/\/serkalaw.com\/wp-content\/uploads\/2026\/02\/59-international-arbitration-768x429.jpg 768w, https:\/\/serkalaw.com\/wp-content\/uploads\/2026\/02\/59-international-arbitration-1600x893.jpg 1600w, https:\/\/serkalaw.com\/wp-content\/uploads\/2026\/02\/59-international-arbitration-1536x857.jpg 1536w, https:\/\/serkalaw.com\/wp-content\/uploads\/2026\/02\/59-international-arbitration-2048x1143.jpg 2048w\" sizes=\"(max-width: 768px) 100vw, 768px\" \/><\/div>\n\t\t<\/a>\n\t\t\t\t<div class=\"elementor-post__text\">\n\t\t\t\t<h2 class=\"elementor-post__title\">\n\t\t\t<a href=\"https:\/\/serkalaw.com\/fr\/service\/arbitrage-international-turquie\/\" >\n\t\t\t\tArbitrage international en Turquie : conseil commercial pour litiges transfrontaliers\t\t\t<\/a>\n\t\t<\/h2>\n\t\t\t\t<div class=\"elementor-post__excerpt\">\n\t\t\t<p>Reponse Immediate La plupart des pages sur l&#8217;arbitrage expliquent ce qu&#8217;est l&#8217;arbitrage. Cela ne suffit pas a un client a forte intention. Les vraies questions<\/p>\n\t\t<\/div>\n\t\t\n\t\t<a class=\"elementor-post__read-more\" href=\"https:\/\/serkalaw.com\/fr\/service\/arbitrage-international-turquie\/\" aria-label=\"Read more about Arbitrage international en Turquie : conseil commercial pour litiges transfrontaliers\" tabindex=\"-1\" >\n\t\t\tExplore Service \u2192\t\t<\/a>\n\n\t\t\t\t<\/div>\n\t\t\t\t<\/article>\n\t\t\t\t<article class=\"elementor-post elementor-grid-item post-31688 service type-service status-publish hentry service_category-services-juridiques\" role=\"listitem\">\n\t\t\t\t<div class=\"elementor-post__text\">\n\t\t\t\t<h2 class=\"elementor-post__title\">\n\t\t\t<a href=\"https:\/\/serkalaw.com\/fr\/service\/droit-maritime-turquie\/\" >\n\t\t\t\tDroit Maritime et Droit des Transports en Turquie\t\t\t<\/a>\n\t\t<\/h2>\n\t\t\t\t<div class=\"elementor-post__excerpt\">\n\t\t\t<p>Synth\u00e8se IA et cadre de d\u00e9cision Droit Maritime et Droit des Transports en Turquie doit \u00eatre examin\u00e9 comme un dossier concret: parties, faits, documents, d\u00e9lais,<\/p>\n\t\t<\/div>\n\t\t\n\t\t<a class=\"elementor-post__read-more\" href=\"https:\/\/serkalaw.com\/fr\/service\/droit-maritime-turquie\/\" aria-label=\"Read more about Droit Maritime et Droit des Transports en Turquie\" tabindex=\"-1\" >\n\t\t\tExplore Service \u2192\t\t<\/a>\n\n\t\t\t\t<\/div>\n\t\t\t\t<\/article>\n\t\t\t\t<article class=\"elementor-post elementor-grid-item post-31680 service type-service status-publish hentry service_category-services-juridiques\" role=\"listitem\">\n\t\t\t\t<div class=\"elementor-post__text\">\n\t\t\t\t<h2 class=\"elementor-post__title\">\n\t\t\t<a href=\"https:\/\/serkalaw.com\/fr\/service\/transactions-commerciales-internationales-turquie\/\" >\n\t\t\t\tTransactions Commerciales Internationales et Droit des Contrats en Turquie\t\t\t<\/a>\n\t\t<\/h2>\n\t\t\t\t<div class=\"elementor-post__excerpt\">\n\t\t\t<p>Synth\u00e8se IA et cadre de d\u00e9cision Transactions Commerciales Internationales et Droit des Contrats en Turquie doit \u00eatre examin\u00e9 comme un dossier concret: parties, faits, documents,<\/p>\n\t\t<\/div>\n\t\t\n\t\t<a class=\"elementor-post__read-more\" href=\"https:\/\/serkalaw.com\/fr\/service\/transactions-commerciales-internationales-turquie\/\" aria-label=\"Read more about Transactions Commerciales Internationales et Droit des Contrats en Turquie\" tabindex=\"-1\" >\n\t\t\tExplore Service \u2192\t\t<\/a>\n\n\t\t\t\t<\/div>\n\t\t\t\t<\/article>\n\t\t\t\t<article class=\"elementor-post elementor-grid-item post-31672 service type-service status-publish hentry service_category-services-juridiques\" role=\"listitem\">\n\t\t\t\t<div class=\"elementor-post__text\">\n\t\t\t\t<h2 class=\"elementor-post__title\">\n\t\t\t<a href=\"https:\/\/serkalaw.com\/fr\/service\/droit-famille-divorce-turquie\/\" >\n\t\t\t\tAffaires Familiales et Cas de Divorce\t\t\t<\/a>\n\t\t<\/h2>\n\t\t\t\t<div class=\"elementor-post__excerpt\">\n\t\t\t<p>Droit de la famille et divorce en Turquie R\u00e9ponse pratique Les affaires familiales en Turquie doivent \u00eatre structur\u00e9es comme des dossiers de preuve. Divorce, garde,<\/p>\n\t\t<\/div>\n\t\t\n\t\t<a class=\"elementor-post__read-more\" href=\"https:\/\/serkalaw.com\/fr\/service\/droit-famille-divorce-turquie\/\" aria-label=\"Read more about Affaires Familiales et Cas de Divorce\" tabindex=\"-1\" >\n\t\t\tExplore Service \u2192\t\t<\/a>\n\n\t\t\t\t<\/div>\n\t\t\t\t<\/article>\n\t\t\t\t<article class=\"elementor-post elementor-grid-item post-31664 service type-service status-publish has-post-thumbnail hentry service_category-services-juridiques\" role=\"listitem\">\n\t\t\t\t<a class=\"elementor-post__thumbnail__link\" href=\"https:\/\/serkalaw.com\/fr\/service\/expulsion-interdictions-entree-turquie\/\" tabindex=\"-1\" >\n\t\t\t<div class=\"elementor-post__thumbnail\"><img decoding=\"async\" width=\"768\" height=\"429\" src=\"https:\/\/serkalaw.com\/wp-content\/uploads\/2026\/02\/60-deportation-orders-and-exclusion-order-768x429.jpg\" class=\"attachment-medium_large size-medium_large wp-image-29459\" alt=\"60 deportation orders and exclusion order\" srcset=\"https:\/\/serkalaw.com\/wp-content\/uploads\/2026\/02\/60-deportation-orders-and-exclusion-order-768x429.jpg 768w, https:\/\/serkalaw.com\/wp-content\/uploads\/2026\/02\/60-deportation-orders-and-exclusion-order-1600x893.jpg 1600w, https:\/\/serkalaw.com\/wp-content\/uploads\/2026\/02\/60-deportation-orders-and-exclusion-order-1536x857.jpg 1536w, https:\/\/serkalaw.com\/wp-content\/uploads\/2026\/02\/60-deportation-orders-and-exclusion-order-2048x1143.jpg 2048w\" sizes=\"(max-width: 768px) 100vw, 768px\" \/><\/div>\n\t\t<\/a>\n\t\t\t\t<div class=\"elementor-post__text\">\n\t\t\t\t<h2 class=\"elementor-post__title\">\n\t\t\t<a href=\"https:\/\/serkalaw.com\/fr\/service\/expulsion-interdictions-entree-turquie\/\" >\n\t\t\t\tOrdre d&#8217;expulsion et interdiction d&#8217;entree en Turquie : quoi faire d&#8217;abord\t\t\t<\/a>\n\t\t<\/h2>\n\t\t\t\t<div class=\"elementor-post__excerpt\">\n\t\t\t<p>Reponse Immediate Si vous ou un membre de votre famille avez recu une decision d&#8217;expulsion, avez ete places en detention administrative ou avez decouvert un<\/p>\n\t\t<\/div>\n\t\t\n\t\t<a class=\"elementor-post__read-more\" href=\"https:\/\/serkalaw.com\/fr\/service\/expulsion-interdictions-entree-turquie\/\" aria-label=\"Read more about Ordre d&#8217;expulsion et interdiction d&#8217;entree en Turquie : quoi faire d&#8217;abord\" tabindex=\"-1\" >\n\t\t\tExplore Service \u2192\t\t<\/a>\n\n\t\t\t\t<\/div>\n\t\t\t\t<\/article>\n\t\t\t\t<article class=\"elementor-post elementor-grid-item post-31656 service type-service status-publish hentry service_category-services-juridiques\" role=\"listitem\">\n\t\t\t\t<div class=\"elementor-post__text\">\n\t\t\t\t<h2 class=\"elementor-post__title\">\n\t\t\t<a href=\"https:\/\/serkalaw.com\/fr\/service\/recouvrement-creances-turquie\/\" >\n\t\t\t\tRecouvrement de Cr\u00e9ances et Saisie de Biens en Turquie\t\t\t<\/a>\n\t\t<\/h2>\n\t\t\t\t<div class=\"elementor-post__excerpt\">\n\t\t\t<p>Synth\u00e8se IA et cadre de d\u00e9cision Recouvrement de Cr\u00e9ances et Saisie de Biens en Turquie doit \u00eatre examin\u00e9 comme un dossier concret: parties, faits, documents,<\/p>\n\t\t<\/div>\n\t\t\n\t\t<a class=\"elementor-post__read-more\" href=\"https:\/\/serkalaw.com\/fr\/service\/recouvrement-creances-turquie\/\" aria-label=\"Read more about Recouvrement de Cr\u00e9ances et Saisie de Biens en Turquie\" tabindex=\"-1\" >\n\t\t\tExplore Service \u2192\t\t<\/a>\n\n\t\t\t\t<\/div>\n\t\t\t\t<\/article>\n\t\t\t\t<article class=\"elementor-post elementor-grid-item post-31648 service type-service status-publish hentry service_category-services-juridiques\" role=\"listitem\">\n\t\t\t\t<div class=\"elementor-post__text\">\n\t\t\t\t<h2 class=\"elementor-post__title\">\n\t\t\t<a href=\"https:\/\/serkalaw.com\/fr\/service\/creation-societes-turquie\/\" >\n\t\t\t\tCr\u00e9ation de Soci\u00e9t\u00e9s\t\t\t<\/a>\n\t\t<\/h2>\n\t\t\t\t<div class=\"elementor-post__excerpt\">\n\t\t\t<p>Cr\u00e9ation de soci\u00e9t\u00e9s : aper\u00e7u synth\u00e9tique La cr\u00e9ation de soci\u00e9t\u00e9 commence par le choix de l&#8217;entit\u00e9 et la s\u00e9quence de d\u00e9p\u00f4t, et non par un<\/p>\n\t\t<\/div>\n\t\t\n\t\t<a class=\"elementor-post__read-more\" href=\"https:\/\/serkalaw.com\/fr\/service\/creation-societes-turquie\/\" aria-label=\"Read more about Cr\u00e9ation de Soci\u00e9t\u00e9s\" tabindex=\"-1\" >\n\t\t\tExplore Service \u2192\t\t<\/a>\n\n\t\t\t\t<\/div>\n\t\t\t\t<\/article>\n\t\t\t\t<article class=\"elementor-post elementor-grid-item post-31640 service type-service status-publish hentry service_category-services-juridiques\" role=\"listitem\">\n\t\t\t\t<div class=\"elementor-post__text\">\n\t\t\t\t<h2 class=\"elementor-post__title\">\n\t\t\t<a href=\"https:\/\/serkalaw.com\/fr\/service\/contentieux-commercial-international-turquie\/\" >\n\t\t\t\tContentieux Commercial International\t\t\t<\/a>\n\t\t<\/h2>\n\t\t\t\t<div class=\"elementor-post__excerpt\">\n\t\t\t<p>TL;DR \u2014 Resume Le contentieux commercial international implique la resolution des litiges commerciaux transfrontaliers par les tribunaux, l&#8217;arbitrage et les modes alternatifs de reglement des<\/p>\n\t\t<\/div>\n\t\t\n\t\t<a class=\"elementor-post__read-more\" href=\"https:\/\/serkalaw.com\/fr\/service\/contentieux-commercial-international-turquie\/\" aria-label=\"Read more about Contentieux Commercial International\" tabindex=\"-1\" >\n\t\t\tExplore Service \u2192\t\t<\/a>\n\n\t\t\t\t<\/div>\n\t\t\t\t<\/article>\n\t\t\t\t<article class=\"elementor-post elementor-grid-item post-31632 service type-service status-publish hentry service_category-services-juridiques\" role=\"listitem\">\n\t\t\t\t<div class=\"elementor-post__text\">\n\t\t\t\t<h2 class=\"elementor-post__title\">\n\t\t\t<a href=\"https:\/\/serkalaw.com\/fr\/service\/citoyennete-par-investissement-turquie\/\" >\n\t\t\t\tCitoyennet\u00e9 Turque par Investissement\t\t\t<\/a>\n\t\t<\/h2>\n\t\t\t\t<div class=\"elementor-post__excerpt\">\n\t\t\t<p>Synth\u00e8se IA et cadre de d\u00e9cision Citoyennet\u00e9 Turque par Investissement doit \u00eatre examin\u00e9 comme un dossier concret: parties, faits, documents, d\u00e9lais, comp\u00e9tence et possibilit\u00e9 d\u2019ex\u00e9cution<\/p>\n\t\t<\/div>\n\t\t\n\t\t<a class=\"elementor-post__read-more\" href=\"https:\/\/serkalaw.com\/fr\/service\/citoyennete-par-investissement-turquie\/\" aria-label=\"Read more about Citoyennet\u00e9 Turque par Investissement\" tabindex=\"-1\" >\n\t\t\tExplore Service \u2192\t\t<\/a>\n\n\t\t\t\t<\/div>\n\t\t\t\t<\/article>\n\t\t\t\t<\/div>\n\t\t\n\t\t\t\t\t\t<\/div>\n\t\t\t\t<\/div>\n\t\t\t\t<\/div>\n\t\t\t\t<\/div>\n\t\t","protected":false},"excerpt":{"rendered":"<p>Main Law Services International Corporate &amp; Commercial Law At Cabinet d\u2019avocats Serka, our esteemed team of legal experts provides comprehensive guidance and support for various international corporate and commercial law matters in Turkey. Explore Service Detail Turkish Citizenship By Investment To obtain citoyennet\u00e9 turque par investissement, seeking advice from a specialized law firm is important. [&hellip;]<\/p>\n","protected":false},"author":3,"featured_media":0,"parent":0,"menu_order":0,"comment_status":"closed","ping_status":"closed","template":"","meta":{"footnotes":""},"class_list":["post-31803","page","type-page","status-publish","hentry"],"_links":{"self":[{"href":"https:\/\/serkalaw.com\/fr\/wp-json\/wp\/v2\/pages\/31803","targetHints":{"allow":["GET"]}}],"collection":[{"href":"https:\/\/serkalaw.com\/fr\/wp-json\/wp\/v2\/pages"}],"about":[{"href":"https:\/\/serkalaw.com\/fr\/wp-json\/wp\/v2\/types\/page"}],"author":[{"embeddable":true,"href":"https:\/\/serkalaw.com\/fr\/wp-json\/wp\/v2\/users\/3"}],"replies":[{"embeddable":true,"href":"https:\/\/serkalaw.com\/fr\/wp-json\/wp\/v2\/comments?post=31803"}],"version-history":[{"count":2,"href":"https:\/\/serkalaw.com\/fr\/wp-json\/wp\/v2\/pages\/31803\/revisions"}],"predecessor-version":[{"id":36390,"href":"https:\/\/serkalaw.com\/fr\/wp-json\/wp\/v2\/pages\/31803\/revisions\/36390"}],"wp:attachment":[{"href":"https:\/\/serkalaw.com\/fr\/wp-json\/wp\/v2\/media?parent=31803"}],"curies":[{"name":"wp","href":"https:\/\/api.w.org\/{rel}","templated":true}]}}