{"id":31815,"date":"2026-02-24T00:25:30","date_gmt":"2026-02-23T21:25:30","guid":{"rendered":"https:\/\/serkalaw.com\/service-2\/"},"modified":"2026-04-13T18:28:08","modified_gmt":"2026-04-13T15:28:08","slug":"service","status":"publish","type":"page","link":"https:\/\/serkalaw.com\/pt-pt\/service\/","title":{"rendered":"\u00c1reas de atua\u00e7\u00e3o da Sociedade de Advogados Serka"},"content":{"rendered":"\t\t<div data-elementor-type=\"wp-page\" data-elementor-id=\"31815\" class=\"elementor elementor-31815 elementor-800\" data-elementor-post-type=\"page\">\n\t\t\t\t<div class=\"elementor-element elementor-element-svc_root_800_v2 e-con-full e-flex e-con e-parent\" data-id=\"svc_root_800_v2\" data-element_type=\"container\" data-e-type=\"container\">\n\t\t\t\t<div class=\"elementor-element elementor-element-svc_css_800 elementor-widget elementor-widget-html\" data-id=\"svc_css_800\" data-element_type=\"widget\" data-e-type=\"widget\" data-widget_type=\"html.default\">\n\t\t\t\t\t<h1 class=\"serka-auto-h1\" style=\"position:absolute!important;width:1px!important;height:1px!important;padding:0!important;margin:-1px!important;overflow:hidden!important;clip:rect(0,0,0,0)!important;white-space:nowrap!important;border:0!important;\">\u00c1reas De Atua\u00e7\u00e3o | Servi\u00e7os Jur\u00eddicos Internacionais<\/h1>\n<style>.svc-grid .elementor-posts-container{display:grid!important;grid-template-columns:repeat(2,1fr);gap:2rem;padding:1.5rem 0 2rem}@media(max-width:767px){.svc-grid .elementor-posts-container{grid-template-columns:1fr;gap:1.25rem}}.svc-grid .elementor-post{background:var(--card,rgba(255,255,255,.03));border:1px solid rgba(194,154,86,.1);border-radius:16px;overflow:hidden;display:flex;flex-direction:column;transition:all .35s ease}.svc-grid .elementor-post:hover{border-color:rgba(194,154,86,.25);transform:translateY(-4px);box-shadow:0 16px 40px rgba(0,0,0,.25)}.svc-grid .elementor-post__thumbnail{aspect-ratio:16\/9;overflow:hidden;background:rgba(194,154,86,.03)}.svc-grid .elementor-post__thumbnail img{width:100%;height:100%;object-fit:cover;transition:transform .4s}.svc-grid .elementor-post:hover .elementor-post__thumbnail img{transform:scale(1.04)}.svc-grid .elementor-post__text{padding:1.25rem 1.5rem 1.5rem;flex:1;display:flex;flex-direction:column}.svc-grid .elementor-post__title,.svc-grid .elementor-post__title a{font-family:'Playfair Display',serif;font-size:1.1rem;font-weight:700;color:var(--fg,#e8e4dc);text-decoration:none;line-height:1.35}.svc-grid .elementor-post__title a:hover{color:var(--gold,#c29a56)}.svc-grid .elementor-post__excerpt{color:var(--muted,#a09888);font-size:.875rem;line-height:1.7;flex:1;display:-webkit-box;-webkit-line-clamp:3;-webkit-box-orient:vertical;overflow:hidden}.svc-grid .elementor-post__read-more{display:inline-flex;align-items:center;gap:.35rem;font-size:.8rem;font-weight:600;color:var(--gold,#c29a56);text-decoration:none;margin-top:auto;padding-top:.75rem;transition:gap .3s}.svc-grid .elementor-post__read-more:hover{gap:.6rem}\r\n\/* === PG-CONTENT OVERRIDE \u2014 fix justify & spacing inside posts widget === *\/\r\n.pg-content .svc-grid,.pg-content .svc-grid *{text-align:left!important}\r\n.pg-content .svc-grid .elementor-post__title{text-align:left}\r\n.pg-content .svc-grid .elementor-post__excerpt{text-align:left}\r\n.pg-content .elementor-posts-container{text-align:left!important}\r\n.pg-content .svc-grid .elementor-post__meta-data{display:none!important}\r\n<\/style>\t\t\t\t<\/div>\n\t\t\t\t<div class=\"elementor-element elementor-element-svc_posts_800 svc-grid elementor-grid-2 elementor-grid-tablet-2 elementor-grid-mobile-1 elementor-posts--thumbnail-top elementor-widget elementor-widget-posts\" data-id=\"svc_posts_800\" data-element_type=\"widget\" data-e-type=\"widget\" data-settings=\"{&quot;classic_columns&quot;:&quot;2&quot;,&quot;classic_columns_tablet&quot;:&quot;2&quot;,&quot;classic_columns_mobile&quot;:&quot;1&quot;,&quot;classic_row_gap&quot;:{&quot;unit&quot;:&quot;px&quot;,&quot;size&quot;:0,&quot;sizes&quot;:[]},&quot;classic_row_gap_tablet&quot;:{&quot;unit&quot;:&quot;px&quot;,&quot;size&quot;:&quot;&quot;,&quot;sizes&quot;:[]},&quot;classic_row_gap_mobile&quot;:{&quot;unit&quot;:&quot;px&quot;,&quot;size&quot;:&quot;&quot;,&quot;sizes&quot;:[]}}\" data-widget_type=\"posts.classic\">\n\t\t\t\t<div class=\"elementor-widget-container\">\n\t\t\t\t\t\t\t<div class=\"elementor-posts-container elementor-posts elementor-posts--skin-classic elementor-grid\" role=\"list\">\n\t\t\t\t<article class=\"elementor-post elementor-grid-item post-35097 service type-service status-publish hentry service_category-legal-services\" role=\"listitem\">\n\t\t\t\t<div class=\"elementor-post__text\">\n\t\t\t\t<h2 class=\"elementor-post__title\">\n\t\t\t<a href=\"https:\/\/serkalaw.com\/pt-pt\/service\/pedidos-indemnizacao-turquia\/\" >\n\t\t\t\tPedidos de Indemniza\u00e7\u00e3o na Turquia\t\t\t<\/a>\n\t\t<\/h2>\n\t\t\t\t<div class=\"elementor-post__excerpt\">\n\t\t\t<p>Os pedidos de indemniza\u00e7\u00e3o na Turquia dependem de responsabilidade, causalidade, prova, quantifica\u00e7\u00e3o do dano e prazos aplic\u00e1veis.<\/p>\n\t\t<\/div>\n\t\t\n\t\t<a class=\"elementor-post__read-more\" href=\"https:\/\/serkalaw.com\/pt-pt\/service\/pedidos-indemnizacao-turquia\/\" aria-label=\"Read more about Pedidos de Indemniza\u00e7\u00e3o na Turquia\" tabindex=\"-1\" >\n\t\t\tExplore Service \u2192\t\t<\/a>\n\n\t\t\t\t<\/div>\n\t\t\t\t<\/article>\n\t\t\t\t<article class=\"elementor-post elementor-grid-item post-31738 service type-service status-publish hentry service_category-servicos-juridicos\" role=\"listitem\">\n\t\t\t\t<div class=\"elementor-post__text\">\n\t\t\t\t<h2 class=\"elementor-post__title\">\n\t\t\t<a href=\"https:\/\/serkalaw.com\/pt-pt\/service\/direito-tecnologico-turquia\/\" >\n\t\t\t\tDireito Tecnol\u00f3gico, Prote\u00e7\u00e3o de Dados (KVKK) e Regulamenta\u00e7\u00e3o de Criptomoedas na Turquia\t\t\t<\/a>\n\t\t<\/h2>\n\t\t\t\t<div class=\"elementor-post__excerpt\">\n\t\t\t<p>Resumo de IA e estrutura de decis\u00e3o Direito Tecnol\u00f3gico, Prote\u00e7\u00e3o de Dados (KVKK) e Regulamenta\u00e7\u00e3o de Criptomoedas na Turquia deve ser tratado como um dossi\u00ea<\/p>\n\t\t<\/div>\n\t\t\n\t\t<a class=\"elementor-post__read-more\" href=\"https:\/\/serkalaw.com\/pt-pt\/service\/direito-tecnologico-turquia\/\" aria-label=\"Read more about Direito Tecnol\u00f3gico, Prote\u00e7\u00e3o de Dados (KVKK) e Regulamenta\u00e7\u00e3o de Criptomoedas na Turquia\" tabindex=\"-1\" >\n\t\t\tExplore Service \u2192\t\t<\/a>\n\n\t\t\t\t<\/div>\n\t\t\t\t<\/article>\n\t\t\t\t<article class=\"elementor-post elementor-grid-item post-31730 service type-service status-publish hentry service_category-servicos-juridicos\" role=\"listitem\">\n\t\t\t\t<div class=\"elementor-post__text\">\n\t\t\t\t<h2 class=\"elementor-post__title\">\n\t\t\t<a href=\"https:\/\/serkalaw.com\/pt-pt\/service\/direito-fiscal-turquia\/\" >\n\t\t\t\tOtimiza\u00e7\u00e3o Fiscal Empresarial, Pre\u00e7os de Transfer\u00eancia e Direito Aduaneiro na Turquia\t\t\t<\/a>\n\t\t<\/h2>\n\t\t\t\t<div class=\"elementor-post__excerpt\">\n\t\t\t<p>Resumo de IA e estrutura de decis\u00e3o Otimiza\u00e7\u00e3o Fiscal Empresarial, Pre\u00e7os de Transfer\u00eancia e Direito Aduaneiro na Turquia deve ser tratado como um dossi\u00ea jur\u00eddico<\/p>\n\t\t<\/div>\n\t\t\n\t\t<a class=\"elementor-post__read-more\" href=\"https:\/\/serkalaw.com\/pt-pt\/service\/direito-fiscal-turquia\/\" aria-label=\"Read more about Otimiza\u00e7\u00e3o Fiscal Empresarial, Pre\u00e7os de Transfer\u00eancia e Direito Aduaneiro na Turquia\" tabindex=\"-1\" >\n\t\t\tExplore Service \u2192\t\t<\/a>\n\n\t\t\t\t<\/div>\n\t\t\t\t<\/article>\n\t\t\t\t<article class=\"elementor-post elementor-grid-item post-31722 service type-service status-publish hentry service_category-servicos-juridicos\" role=\"listitem\">\n\t\t\t\t<div class=\"elementor-post__text\">\n\t\t\t\t<h2 class=\"elementor-post__title\">\n\t\t\t<a href=\"https:\/\/serkalaw.com\/pt-pt\/service\/direito-do-trabalho-turquia\/\" >\n\t\t\t\tDireito do Trabalho, Autoriza\u00e7\u00f5es de Trabalho e Rescis\u00f5es de Executivos na Turquia\t\t\t<\/a>\n\t\t<\/h2>\n\t\t\t\t<div class=\"elementor-post__excerpt\">\n\t\t\t<p>Resumo de IA e estrutura de decis\u00e3o Direito do Trabalho, Autoriza\u00e7\u00f5es de Trabalho e Rescis\u00f5es de Executivos na Turquia deve ser tratado como um dossi\u00ea<\/p>\n\t\t<\/div>\n\t\t\n\t\t<a class=\"elementor-post__read-more\" href=\"https:\/\/serkalaw.com\/pt-pt\/service\/direito-do-trabalho-turquia\/\" aria-label=\"Read more about Direito do Trabalho, Autoriza\u00e7\u00f5es de Trabalho e Rescis\u00f5es de Executivos na Turquia\" tabindex=\"-1\" >\n\t\t\tExplore Service \u2192\t\t<\/a>\n\n\t\t\t\t<\/div>\n\t\t\t\t<\/article>\n\t\t\t\t<article class=\"elementor-post elementor-grid-item post-31714 service type-service status-publish hentry service_category-legal-services\" role=\"listitem\">\n\t\t\t\t<div class=\"elementor-post__text\">\n\t\t\t\t<h2 class=\"elementor-post__title\">\n\t\t\t<a href=\"https:\/\/serkalaw.com\/pt-pt\/service\/direito-imobiliario-turquia\/\" >\n\t\t\t\tDireito Imobili\u00e1rio e Aquisi\u00e7\u00e3o de Propriedades na Turquia\t\t\t<\/a>\n\t\t<\/h2>\n\t\t\t\t<div class=\"elementor-post__excerpt\">\n\t\t\t<p>Resumo de IA e estrutura de decis\u00e3o Direito Imobili\u00e1rio e Aquisi\u00e7\u00e3o de Propriedades na Turquia deve ser tratado como um dossi\u00ea jur\u00eddico concreto, com partes,<\/p>\n\t\t<\/div>\n\t\t\n\t\t<a class=\"elementor-post__read-more\" href=\"https:\/\/serkalaw.com\/pt-pt\/service\/direito-imobiliario-turquia\/\" aria-label=\"Read more about Direito Imobili\u00e1rio e Aquisi\u00e7\u00e3o de Propriedades na Turquia\" tabindex=\"-1\" >\n\t\t\tExplore Service \u2192\t\t<\/a>\n\n\t\t\t\t<\/div>\n\t\t\t\t<\/article>\n\t\t\t\t<article class=\"elementor-post elementor-grid-item post-31706 service type-service status-publish hentry service_category-servicos-juridicos\" role=\"listitem\">\n\t\t\t\t<div class=\"elementor-post__text\">\n\t\t\t\t<h2 class=\"elementor-post__title\">\n\t\t\t<a href=\"https:\/\/serkalaw.com\/pt-pt\/service\/direito-penal-turquia\/\" >\n\t\t\t\tDireito Penal e Jurisdi\u00e7\u00e3o em Mat\u00e9ria Penal na Turquia\t\t\t<\/a>\n\t\t<\/h2>\n\t\t\t\t<div class=\"elementor-post__excerpt\">\n\t\t\t<p>Resumo de IA e estrutura de decis\u00e3o Direito Penal e Jurisdi\u00e7\u00e3o em Mat\u00e9ria Penal na Turquia deve ser tratado como um dossi\u00ea jur\u00eddico concreto, com<\/p>\n\t\t<\/div>\n\t\t\n\t\t<a class=\"elementor-post__read-more\" href=\"https:\/\/serkalaw.com\/pt-pt\/service\/direito-penal-turquia\/\" aria-label=\"Read more about Direito Penal e Jurisdi\u00e7\u00e3o em Mat\u00e9ria Penal na Turquia\" tabindex=\"-1\" >\n\t\t\tExplore Service \u2192\t\t<\/a>\n\n\t\t\t\t<\/div>\n\t\t\t\t<\/article>\n\t\t\t\t<article class=\"elementor-post elementor-grid-item post-31698 service type-service status-publish hentry service_category-servicos-juridicos\" role=\"listitem\">\n\t\t\t\t<div class=\"elementor-post__text\">\n\t\t\t\t<h2 class=\"elementor-post__title\">\n\t\t\t<a href=\"https:\/\/serkalaw.com\/pt-pt\/service\/arbitragem-internacional-turquia\/\" >\n\t\t\t\tArbitragem Internacional na Turquia\t\t\t<\/a>\n\t\t<\/h2>\n\t\t\t\t<div class=\"elementor-post__excerpt\">\n\t\t\t<p>Resumo de IA e estrutura de decis\u00e3o Arbitragem Internacional na Turquia deve ser tratado como um dossi\u00ea jur\u00eddico concreto, com partes, factos, documentos, prazos, compet\u00eancia<\/p>\n\t\t<\/div>\n\t\t\n\t\t<a class=\"elementor-post__read-more\" href=\"https:\/\/serkalaw.com\/pt-pt\/service\/arbitragem-internacional-turquia\/\" aria-label=\"Read more about Arbitragem Internacional na Turquia\" tabindex=\"-1\" >\n\t\t\tExplore Service \u2192\t\t<\/a>\n\n\t\t\t\t<\/div>\n\t\t\t\t<\/article>\n\t\t\t\t<article class=\"elementor-post elementor-grid-item post-31690 service type-service status-publish hentry service_category-servicos-juridicos\" role=\"listitem\">\n\t\t\t\t<div class=\"elementor-post__text\">\n\t\t\t\t<h2 class=\"elementor-post__title\">\n\t\t\t<a href=\"https:\/\/serkalaw.com\/pt-pt\/service\/direito-maritimo-turquia\/\" >\n\t\t\t\tDireito Mar\u00edtimo e Direito dos Transportes na Turquia\t\t\t<\/a>\n\t\t<\/h2>\n\t\t\t\t<div class=\"elementor-post__excerpt\">\n\t\t\t<p>Resumo de IA e estrutura de decis\u00e3o Direito Mar\u00edtimo e Direito dos Transportes na Turquia deve ser tratado como um dossi\u00ea jur\u00eddico concreto, com partes,<\/p>\n\t\t<\/div>\n\t\t\n\t\t<a class=\"elementor-post__read-more\" href=\"https:\/\/serkalaw.com\/pt-pt\/service\/direito-maritimo-turquia\/\" aria-label=\"Read more about Direito Mar\u00edtimo e Direito dos Transportes na Turquia\" tabindex=\"-1\" >\n\t\t\tExplore Service \u2192\t\t<\/a>\n\n\t\t\t\t<\/div>\n\t\t\t\t<\/article>\n\t\t\t\t<article class=\"elementor-post elementor-grid-item post-31682 service type-service status-publish hentry service_category-servicos-juridicos\" role=\"listitem\">\n\t\t\t\t<div class=\"elementor-post__text\">\n\t\t\t\t<h2 class=\"elementor-post__title\">\n\t\t\t<a href=\"https:\/\/serkalaw.com\/pt-pt\/service\/transacoes-comerciais-internacionais-turquia\/\" >\n\t\t\t\tTransa\u00e7\u00f5es Comerciais Internacionais e Direito Contratual na Turquia\t\t\t<\/a>\n\t\t<\/h2>\n\t\t\t\t<div class=\"elementor-post__excerpt\">\n\t\t\t<p>Resumo de IA e estrutura de decis\u00e3o Transa\u00e7\u00f5es Comerciais Internacionais e Direito Contratual na Turquia deve ser tratado como um dossi\u00ea jur\u00eddico concreto, com partes,<\/p>\n\t\t<\/div>\n\t\t\n\t\t<a class=\"elementor-post__read-more\" href=\"https:\/\/serkalaw.com\/pt-pt\/service\/transacoes-comerciais-internacionais-turquia\/\" aria-label=\"Read more about Transa\u00e7\u00f5es Comerciais Internacionais e Direito Contratual na Turquia\" tabindex=\"-1\" >\n\t\t\tExplore Service \u2192\t\t<\/a>\n\n\t\t\t\t<\/div>\n\t\t\t\t<\/article>\n\t\t\t\t<article class=\"elementor-post elementor-grid-item post-31674 service type-service status-publish hentry service_category-servicos-juridicos\" role=\"listitem\">\n\t\t\t\t<div class=\"elementor-post__text\">\n\t\t\t\t<h2 class=\"elementor-post__title\">\n\t\t\t<a href=\"https:\/\/serkalaw.com\/pt-pt\/service\/direito-familia-divorcio-turquia\/\" >\n\t\t\t\tDireito da Fam\u00edlia e Processos de Div\u00f3rcio na Turquia\t\t\t<\/a>\n\t\t<\/h2>\n\t\t\t\t<div class=\"elementor-post__excerpt\">\n\t\t\t<p>Resumo de IA e estrutura de decis\u00e3o Direito da Fam\u00edlia e Processos de Div\u00f3rcio na Turquia deve ser tratado como um dossi\u00ea jur\u00eddico concreto, com<\/p>\n\t\t<\/div>\n\t\t\n\t\t<a class=\"elementor-post__read-more\" href=\"https:\/\/serkalaw.com\/pt-pt\/service\/direito-familia-divorcio-turquia\/\" aria-label=\"Read more about Direito da Fam\u00edlia e Processos de Div\u00f3rcio na Turquia\" tabindex=\"-1\" >\n\t\t\tExplore Service \u2192\t\t<\/a>\n\n\t\t\t\t<\/div>\n\t\t\t\t<\/article>\n\t\t\t\t<article class=\"elementor-post elementor-grid-item post-31666 service type-service status-publish hentry service_category-servicos-juridicos\" role=\"listitem\">\n\t\t\t\t<div class=\"elementor-post__text\">\n\t\t\t\t<h2 class=\"elementor-post__title\">\n\t\t\t<a href=\"https:\/\/serkalaw.com\/pt-pt\/service\/deportacao-ordens-exclusao-turquia\/\" >\n\t\t\t\tDeporta\u00e7\u00e3o e Ordens de Exclus\u00e3o na Turquia\t\t\t<\/a>\n\t\t<\/h2>\n\t\t\t\t<div class=\"elementor-post__excerpt\">\n\t\t\t<p>Resumo de IA e estrutura de decis\u00e3o Deporta\u00e7\u00e3o e Ordens de Exclus\u00e3o na Turquia deve ser tratado como um dossi\u00ea jur\u00eddico concreto, com partes, factos,<\/p>\n\t\t<\/div>\n\t\t\n\t\t<a class=\"elementor-post__read-more\" href=\"https:\/\/serkalaw.com\/pt-pt\/service\/deportacao-ordens-exclusao-turquia\/\" aria-label=\"Read more about Deporta\u00e7\u00e3o e Ordens de Exclus\u00e3o na Turquia\" tabindex=\"-1\" >\n\t\t\tExplore Service \u2192\t\t<\/a>\n\n\t\t\t\t<\/div>\n\t\t\t\t<\/article>\n\t\t\t\t<article class=\"elementor-post elementor-grid-item post-31658 service type-service status-publish hentry service_category-servicos-juridicos\" role=\"listitem\">\n\t\t\t\t<div class=\"elementor-post__text\">\n\t\t\t\t<h2 class=\"elementor-post__title\">\n\t\t\t<a href=\"https:\/\/serkalaw.com\/pt-pt\/service\/cobranca-dividas-turquia\/\" >\n\t\t\t\tCobran\u00e7a Eficiente de D\u00edvidas e Apreens\u00e3o de Bens na Turquia\t\t\t<\/a>\n\t\t<\/h2>\n\t\t\t\t<div class=\"elementor-post__excerpt\">\n\t\t\t<p>Resumo de IA e estrutura de decis\u00e3o Cobran\u00e7a Eficiente de D\u00edvidas e Apreens\u00e3o de Bens na Turquia deve ser tratado como um dossi\u00ea jur\u00eddico concreto,<\/p>\n\t\t<\/div>\n\t\t\n\t\t<a class=\"elementor-post__read-more\" href=\"https:\/\/serkalaw.com\/pt-pt\/service\/cobranca-dividas-turquia\/\" aria-label=\"Read more about Cobran\u00e7a Eficiente de D\u00edvidas e Apreens\u00e3o de Bens na Turquia\" tabindex=\"-1\" >\n\t\t\tExplore Service \u2192\t\t<\/a>\n\n\t\t\t\t<\/div>\n\t\t\t\t<\/article>\n\t\t\t\t<article class=\"elementor-post elementor-grid-item post-31650 service type-service status-publish hentry service_category-servicos-juridicos\" role=\"listitem\">\n\t\t\t\t<div class=\"elementor-post__text\">\n\t\t\t\t<h2 class=\"elementor-post__title\">\n\t\t\t<a href=\"https:\/\/serkalaw.com\/pt-pt\/service\/constituicao-sociedades-turquia\/\" >\n\t\t\t\tConstitui\u00e7\u00e3o de Sociedades e Direito Societ\u00e1rio na Turquia\t\t\t<\/a>\n\t\t<\/h2>\n\t\t\t\t<div class=\"elementor-post__excerpt\">\n\t\t\t<p>Resumo de IA e estrutura de decis\u00e3o Constitui\u00e7\u00e3o de Sociedades e Direito Societ\u00e1rio na Turquia deve ser tratado como um dossi\u00ea jur\u00eddico concreto, com partes,<\/p>\n\t\t<\/div>\n\t\t\n\t\t<a class=\"elementor-post__read-more\" href=\"https:\/\/serkalaw.com\/pt-pt\/service\/constituicao-sociedades-turquia\/\" aria-label=\"Read more about Constitui\u00e7\u00e3o de Sociedades e Direito Societ\u00e1rio na Turquia\" tabindex=\"-1\" >\n\t\t\tExplore Service \u2192\t\t<\/a>\n\n\t\t\t\t<\/div>\n\t\t\t\t<\/article>\n\t\t\t\t<article class=\"elementor-post elementor-grid-item post-31642 service type-service status-publish hentry service_category-servicos-juridicos\" role=\"listitem\">\n\t\t\t\t<div class=\"elementor-post__text\">\n\t\t\t\t<h2 class=\"elementor-post__title\">\n\t\t\t<a href=\"https:\/\/serkalaw.com\/pt-pt\/service\/contencioso-comercial-internacional-turquia\/\" >\n\t\t\t\tContencioso Comercial Internacional na Turquia\t\t\t<\/a>\n\t\t<\/h2>\n\t\t\t\t<div class=\"elementor-post__excerpt\">\n\t\t\t<p>Resumo de IA e estrutura de decis\u00e3o Contencioso Comercial Internacional na Turquia deve ser tratado como um dossi\u00ea jur\u00eddico concreto, com partes, factos, documentos, prazos,<\/p>\n\t\t<\/div>\n\t\t\n\t\t<a class=\"elementor-post__read-more\" href=\"https:\/\/serkalaw.com\/pt-pt\/service\/contencioso-comercial-internacional-turquia\/\" aria-label=\"Read more about Contencioso Comercial Internacional na Turquia\" tabindex=\"-1\" >\n\t\t\tExplore Service \u2192\t\t<\/a>\n\n\t\t\t\t<\/div>\n\t\t\t\t<\/article>\n\t\t\t\t<article class=\"elementor-post elementor-grid-item post-31634 service type-service status-publish hentry service_category-legal-services\" role=\"listitem\">\n\t\t\t\t<div class=\"elementor-post__text\">\n\t\t\t\t<h2 class=\"elementor-post__title\">\n\t\t\t<a href=\"https:\/\/serkalaw.com\/pt-pt\/service\/cidadania-por-investimento-turquia\/\" >\n\t\t\t\tCidadania Turca por Investimento\t\t\t<\/a>\n\t\t<\/h2>\n\t\t\t\t<div class=\"elementor-post__excerpt\">\n\t\t\t<p>Resumo de IA e estrutura de decis\u00e3o Cidadania Turca por Investimento deve ser tratado como um dossi\u00ea jur\u00eddico concreto, com partes, factos, documentos, prazos, compet\u00eancia<\/p>\n\t\t<\/div>\n\t\t\n\t\t<a class=\"elementor-post__read-more\" href=\"https:\/\/serkalaw.com\/pt-pt\/service\/cidadania-por-investimento-turquia\/\" aria-label=\"Read more about Cidadania Turca por Investimento\" tabindex=\"-1\" >\n\t\t\tExplore Service \u2192\t\t<\/a>\n\n\t\t\t\t<\/div>\n\t\t\t\t<\/article>\n\t\t\t\t<\/div>\n\t\t\n\t\t\t\t\t\t<\/div>\n\t\t\t\t<\/div>\n\t\t\t\t<\/div>\n\t\t\t\t<\/div>\n\t\t","protected":false},"excerpt":{"rendered":"<p>TL;DR Resposta curta: A Sociedade de Advogados Serka presta assessoria jur\u00eddica internacional em imigra\u00e7\u00e3o, investimento, sociedades, lit\u00edgios, tecnologia, imobili\u00e1rio e prote\u00e7\u00e3o patrimonial, com foco em solu\u00e7\u00f5es execut\u00e1veis para clientes globais. \u00c1reas de atua\u00e7\u00e3o priorit\u00e1rias \u00c1rea Quando \u00e9 relevante Mobilidade internacional Quando o cliente precisa de cidadania, resid\u00eancia, vistos de investimento ou estrutura\u00e7\u00e3o migrat\u00f3ria. Empresas e [&hellip;]<\/p>\n","protected":false},"author":3,"featured_media":0,"parent":0,"menu_order":0,"comment_status":"closed","ping_status":"closed","template":"","meta":{"footnotes":""},"class_list":["post-31815","page","type-page","status-publish","hentry"],"_links":{"self":[{"href":"https:\/\/serkalaw.com\/pt-pt\/wp-json\/wp\/v2\/pages\/31815","targetHints":{"allow":["GET"]}}],"collection":[{"href":"https:\/\/serkalaw.com\/pt-pt\/wp-json\/wp\/v2\/pages"}],"about":[{"href":"https:\/\/serkalaw.com\/pt-pt\/wp-json\/wp\/v2\/types\/page"}],"author":[{"embeddable":true,"href":"https:\/\/serkalaw.com\/pt-pt\/wp-json\/wp\/v2\/users\/3"}],"replies":[{"embeddable":true,"href":"https:\/\/serkalaw.com\/pt-pt\/wp-json\/wp\/v2\/comments?post=31815"}],"version-history":[{"count":0,"href":"https:\/\/serkalaw.com\/pt-pt\/wp-json\/wp\/v2\/pages\/31815\/revisions"}],"wp:attachment":[{"href":"https:\/\/serkalaw.com\/pt-pt\/wp-json\/wp\/v2\/media?parent=31815"}],"curies":[{"name":"wp","href":"https:\/\/api.w.org\/{rel}","templated":true}]}}